{"id":5335,"date":"2021-08-23T11:20:11","date_gmt":"2021-08-23T08:20:11","guid":{"rendered":"https:\/\/www.tevmot.org.tr\/one-stop-shop\/"},"modified":"2021-08-23T11:20:13","modified_gmt":"2021-08-23T08:20:13","slug":"one-stop-shop","status":"publish","type":"page","link":"https:\/\/www.tevmot.org.tr\/en\/one-stop-shop\/","title":{"rendered":"One-Stop Shop"},"content":{"rendered":"\t\t<div data-elementor-type=\"wp-post\" data-elementor-id=\"5335\" class=\"elementor elementor-5335 elementor-2942\" data-elementor-settings=\"[]\">\n\t\t\t\t\t\t<div class=\"elementor-inner\">\n\t\t\t\t\t\t\t<div class=\"elementor-section-wrap\">\n\t\t\t\t\t\t\t<section class=\"elementor-section elementor-top-section elementor-element elementor-element-fab0763 elementor-section-boxed elementor-section-height-default elementor-section-height-default\" data-id=\"fab0763\" data-element_type=\"section\">\n\t\t\t\t\t\t<div class=\"elementor-container elementor-column-gap-default\">\n\t\t\t\t\t\t\t<div class=\"elementor-row\">\n\t\t\t\t\t<div class=\"elementor-column elementor-col-100 elementor-top-column elementor-element elementor-element-6de3c0b\" data-id=\"6de3c0b\" data-element_type=\"column\">\n\t\t\t<div class=\"elementor-column-wrap elementor-element-populated\">\n\t\t\t\t\t\t\t<div class=\"elementor-widget-wrap\">\n\t\t\t\t\t\t<div class=\"elementor-element elementor-element-18f64d8 elementor-widget elementor-widget-heading\" data-id=\"18f64d8\" data-element_type=\"widget\" data-widget_type=\"heading.default\">\n\t\t\t\t<div class=\"elementor-widget-container\">\n\t\t\t<h2 class=\"elementor-heading-title elementor-size-default elementor-heading-title elementor-size-default elementor-align-after-left\">What is the Energy Management Unit (EMU) that operates in Organised Industrial Zones?<\/h2>\t\t<\/div>\n\t\t\t\t<\/div>\n\t\t\t\t<div class=\"elementor-element elementor-element-c53eade elementor-widget elementor-widget-text-editor\" data-id=\"c53eade\" data-element_type=\"widget\" data-widget_type=\"text-editor.default\">\n\t\t\t\t<div class=\"elementor-widget-container\">\n\t\t\t\t\t<div class=\"elementor-text-editor elementor-clearfix\"><p>In Article 9\/3, with the heading \u201cAssigning an Energy Manager and establishing an energy management unit\u201d, in the \u201cRegulation on Increasing Efficiency in the Use of Energy Resources and Energy\u201d, published in the Official Gazette on 27 October 2011, it is stated that \u201c(3) An energy management unit shall be established in organised industrial zones with at least 50 active enterprises within their regions to carry out activities aimed at informing, raising awareness and carrying out model implementations to help fulfil the energy management practices specified in Article 8 in industrial enterprises with annual total energy consumption of less than 1,000 Ton Equivalent Petrol (TEP) and to carry out the audits specified in Article 8 in the fields of energy production, transmission and distribution by, or on behalf of, the organized industrial zone.\u201d The energy manager is the person responsible for activities related to energy management in industrial enterprises and buildings, and who should possess an energy manager or training-audit-project certificate.<\/p>\n<\/div>\n\t\t\t\t<\/div>\n\t\t\t\t<\/div>\n\t\t\t\t\t\t<\/div>\n\t\t\t\t\t<\/div>\n\t\t<\/div>\n\t\t\t\t\t\t\t\t<\/div>\n\t\t\t\t\t<\/div>\n\t\t<\/section>\n\t\t\t\t<section class=\"elementor-section elementor-top-section elementor-element elementor-element-34b1165 elementor-section-boxed elementor-section-height-default elementor-section-height-default\" data-id=\"34b1165\" data-element_type=\"section\" data-settings=\"{&quot;background_background&quot;:&quot;classic&quot;}\">\n\t\t\t\t\t\t<div class=\"elementor-container elementor-column-gap-default\">\n\t\t\t\t\t\t\t<div class=\"elementor-row\">\n\t\t\t\t\t<div class=\"elementor-column elementor-col-100 elementor-top-column elementor-element elementor-element-70da350\" data-id=\"70da350\" data-element_type=\"column\">\n\t\t\t<div class=\"elementor-column-wrap elementor-element-populated\">\n\t\t\t\t\t\t\t<div class=\"elementor-widget-wrap\">\n\t\t\t\t\t\t<div class=\"elementor-element elementor-element-2df7086 elementor-widget elementor-widget-heading\" data-id=\"2df7086\" data-element_type=\"widget\" data-widget_type=\"heading.default\">\n\t\t\t\t<div class=\"elementor-widget-container\">\n\t\t\t<h2 class=\"elementor-heading-title elementor-size-default elementor-heading-title elementor-size-default\">What are the duties of the Energy Manager (EM)?<\/h2>\t\t<\/div>\n\t\t\t\t<\/div>\n\t\t\t\t<div class=\"elementor-element elementor-element-8e5398a elementor-widget elementor-widget-text-editor\" data-id=\"8e5398a\" data-element_type=\"widget\" data-widget_type=\"text-editor.default\">\n\t\t\t\t<div class=\"elementor-widget-container\">\n\t\t\t\t\t<div class=\"elementor-text-editor elementor-clearfix\"><p>In the Regulation on Increasing Efficiency in the Use of Energy Resources and Energy, published in the Official Gazette dated 27 October, 2011, the duties of the energy manager are listed as follows:<\/p>\n<ul>\n<li>To determine measures and procedures aimed at improving consumption habits and preventing waste, to introduce such measures and procedures, and to organise training programmes when necessary,<\/li>\n<li>To monitor the efficiency of energy consuming equipment, to coordinate their maintenance and to ensure calibrations are made on time,<\/li>\n<li>To prepare plans, budgets and cost\/benefit analyses related to energy needs and efficiency enhancing applications and to submit these to the senior management,<\/li>\n<li>To monitor and assess energy consumption and costs, and to prepare periodic reports,<\/li>\n<li>To take action for the procurement and installation of the meters and measurement devices needed to monitor energy consumption,<\/li>\n<li>To monitor specific energy consumption in industrial enterprises, to identify the relationship between the production of goods and energy consumption, energy costs and the energy intensity of the enterprise, and to make suggestions for improvement,<\/li>\n<li>To analyse the possibilities of both changing energy composition and the use of alternative fuels, and to prepare and coordinate the implementation of measures aimed at the protection of the environment, the reduction of emissions and the prevention of exceedances of limit values,<\/li>\n<li>To prepare alternative plans aimed at reducing the use of petroleum and natural gas, to be implemented in the event of interruptions to energy supply, and when requested by the Directorate General,<\/li>\n<li>To prepare the information required to be submitted to the Directorate General by the end of March every year, as required by Law, and to submit it to the management for presentation to the Directorate General,<\/li>\n<\/ul>\n<\/div>\n\t\t\t\t<\/div>\n\t\t\t\t<\/div>\n\t\t\t\t\t\t<\/div>\n\t\t\t\t\t<\/div>\n\t\t<\/div>\n\t\t\t\t\t\t\t\t<\/div>\n\t\t\t\t\t<\/div>\n\t\t<\/section>\n\t\t\t\t<section class=\"elementor-section elementor-top-section elementor-element elementor-element-a865e8b elementor-section-boxed elementor-section-height-default elementor-section-height-default\" data-id=\"a865e8b\" data-element_type=\"section\">\n\t\t\t\t\t\t<div class=\"elementor-container elementor-column-gap-default\">\n\t\t\t\t\t\t\t<div class=\"elementor-row\">\n\t\t\t\t\t<div class=\"elementor-column elementor-col-100 elementor-top-column elementor-element elementor-element-b6d54ef\" data-id=\"b6d54ef\" data-element_type=\"column\">\n\t\t\t<div class=\"elementor-column-wrap elementor-element-populated\">\n\t\t\t\t\t\t\t<div class=\"elementor-widget-wrap\">\n\t\t\t\t\t\t<div class=\"elementor-element elementor-element-77d2d3b elementor-widget elementor-widget-heading\" data-id=\"77d2d3b\" data-element_type=\"widget\" data-widget_type=\"heading.default\">\n\t\t\t\t<div class=\"elementor-widget-container\">\n\t\t\t<h2 class=\"elementor-heading-title elementor-size-default elementor-heading-title elementor-size-default elementor-align-after-left\">What is the TEVMOT One-Stop Shop ?<\/h2>\t\t<\/div>\n\t\t\t\t<\/div>\n\t\t\t\t<div class=\"elementor-element elementor-element-3f143ab elementor-widget elementor-widget-text-editor\" data-id=\"3f143ab\" data-element_type=\"widget\" data-widget_type=\"text-editor.default\">\n\t\t\t\t<div class=\"elementor-widget-container\">\n\t\t\t\t\t<div class=\"elementor-text-editor elementor-clearfix\"><p>Current legislation calls for the transformation of the Energy Management Units operating in OIZ Directorates into One-Stop Shops  (OSSs), in cooperation with the Project Management Unit, in the following areas within the framework of the TEVMOT Project:<\/p>\n<ul>\n<li>Creating a database of motor energy consumption and the motor inventories of the companies in the region, expanding the database over the course of time, and determining areas with potential for greater energy efficiency.<\/li>\n<li>Engaging in meetings with and\/or visiting companies that are likely to replace their current inefficient motors with energy-efficient motors,<\/li>\n<li>Selecting companies in which motor energy efficiency audits are to be conducted,<\/li>\n<li>Taking part in the execution of audits,<\/li>\n<li>Determining companies that are willing to invest in the light of the feasibility reports compiled based on the results of the audits,<\/li>\n<li>Following-up and coordinating the procurement and financing of efficient motors (<IE3 or IE4) and other equipment (Variable Speed Drive - VSD, etc.) to replace the existing ones<\/li>\n<li>Gaining experience and developing a corporate memory to be utilised in the organisation of similar motors replacement campaigns in the region following the pilot implementation,<\/li>\n<li>Supporting access to affordable financing mechanisms for SMEs in their efficient motor investments,<\/li>\n<li>Provision of the training and infrastructure required by the EMU team,<\/li>\n<li>Organising awareness-raising trainigs and seminars in the region to introduce best practices on a sectoral basis.<\/li>\n<\/ul>\n<\/div>\n\t\t\t\t<\/div>\n\t\t\t\t<\/div>\n\t\t\t\t\t\t<\/div>\n\t\t\t\t\t<\/div>\n\t\t<\/div>\n\t\t\t\t\t\t\t\t<\/div>\n\t\t\t\t\t<\/div>\n\t\t<\/section>\n\t\t\t\t<section class=\"elementor-section elementor-top-section elementor-element elementor-element-ec6f206 elementor-section-boxed elementor-section-height-default elementor-section-height-default\" data-id=\"ec6f206\" data-element_type=\"section\" data-settings=\"{&quot;background_background&quot;:&quot;classic&quot;}\">\n\t\t\t\t\t\t<div class=\"elementor-container elementor-column-gap-default\">\n\t\t\t\t\t\t\t<div class=\"elementor-row\">\n\t\t\t\t\t<div class=\"elementor-column elementor-col-100 elementor-top-column elementor-element elementor-element-2edfb31\" data-id=\"2edfb31\" data-element_type=\"column\">\n\t\t\t<div class=\"elementor-column-wrap elementor-element-populated\">\n\t\t\t\t\t\t\t<div class=\"elementor-widget-wrap\">\n\t\t\t\t\t\t<div class=\"elementor-element elementor-element-92c5963 elementor-widget elementor-widget-heading\" data-id=\"92c5963\" data-element_type=\"widget\" data-widget_type=\"heading.default\">\n\t\t\t\t<div class=\"elementor-widget-container\">\n\t\t\t<h2 class=\"elementor-heading-title elementor-size-default elementor-heading-title elementor-size-default elementor-align-after-left\"><p>TEVMOT One-Stop Shops (Energy Management Unit)<\/p><\/h2>\t\t<\/div>\n\t\t\t\t<\/div>\n\t\t\t\t<div class=\"elementor-element elementor-element-d780f7a elementor-widget elementor-widget-toolset-view\" data-id=\"d780f7a\" data-element_type=\"widget\" data-widget_type=\"toolset-view.default\">\n\t\t\t\t<div class=\"elementor-widget-container\">\n\t\t\t<form autocomplete=\"off\" name=\"wpv-filter-4012\" action=\"\/en\/wp-json\/wp\/v2\/pages\/5335?wpv_view_count=4012\" method=\"get\" class=\"wpv-filter-form js-wpv-filter-form js-wpv-filter-form-4012 js-wpv-form-full\" data-viewnumber=\"4012\" data-viewid=\"4012\" data-viewhash=\"eyJpZCI6IjQwMTIiLCJvcmRlciI6ImRlZmF1bHQiLCJvcmRlcmJ5X3NlY29uZCI6ImRlZmF1bHQiLCJvcmRlcl9zZWNvbmQiOiJkZWZhdWx0In0=\" data-viewwidgetid=\"0\" data-orderby=\"\" data-order=\"\" data-orderbyas=\"\" data-orderbysecond=\"\" data-ordersecond=\"\" data-parametric=\"{&quot;query&quot;:&quot;normal&quot;,&quot;id&quot;:4012,&quot;view_id&quot;:4012,&quot;widget_id&quot;:0,&quot;view_hash&quot;:&quot;4012&quot;,&quot;action&quot;:&quot;\\\/en\\\/wp-json\\\/wp\\\/v2\\\/pages\\\/5335?wpv_view_count=4012&quot;,&quot;sort&quot;:{&quot;orderby&quot;:&quot;&quot;,&quot;order&quot;:&quot;&quot;,&quot;orderby_as&quot;:&quot;&quot;,&quot;orderby_second&quot;:&quot;&quot;,&quot;order_second&quot;:&quot;&quot;},&quot;orderby&quot;:&quot;&quot;,&quot;order&quot;:&quot;&quot;,&quot;orderby_as&quot;:&quot;&quot;,&quot;orderby_second&quot;:&quot;&quot;,&quot;order_second&quot;:&quot;&quot;,&quot;ajax_form&quot;:&quot;&quot;,&quot;ajax_results&quot;:&quot;&quot;,&quot;effect&quot;:&quot;fade&quot;,&quot;prebefore&quot;:&quot;&quot;,&quot;before&quot;:&quot;&quot;,&quot;after&quot;:&quot;&quot;,&quot;attributes&quot;:{&quot;id&quot;:&quot;4012&quot;,&quot;order&quot;:&quot;default&quot;,&quot;orderby_second&quot;:&quot;default&quot;,&quot;order_second&quot;:&quot;default&quot;},&quot;environment&quot;:{&quot;current_post_id&quot;:5335,&quot;parent_post_id&quot;:5335,&quot;parent_term_id&quot;:0,&quot;parent_user_id&quot;:0,&quot;archive&quot;:{&quot;type&quot;:&quot;&quot;,&quot;name&quot;:&quot;&quot;,&quot;data&quot;:[]}},&quot;loop&quot;:{&quot;type&quot;:&quot;&quot;,&quot;name&quot;:&quot;&quot;,&quot;data&quot;:[],&quot;id&quot;:0}}\" data-attributes=\"{&quot;id&quot;:&quot;4012&quot;,&quot;order&quot;:&quot;default&quot;,&quot;orderby_second&quot;:&quot;default&quot;,&quot;order_second&quot;:&quot;default&quot;}\" data-environment=\"{&quot;current_post_id&quot;:5335,&quot;parent_post_id&quot;:5335,&quot;parent_term_id&quot;:0,&quot;parent_user_id&quot;:0,&quot;archive&quot;:{&quot;type&quot;:&quot;&quot;,&quot;name&quot;:&quot;&quot;,&quot;data&quot;:[]}}\"><input type=\"hidden\" class=\"js-wpv-dps-filter-data js-wpv-filter-data-for-this-form\" data-action=\"\/en\/wp-json\/wp\/v2\/pages\/5335?wpv_view_count=4012\" data-page=\"1\" data-ajax=\"disable\" data-effect=\"fade\" data-maxpages=\"0\" data-ajaxprebefore=\"\" data-ajaxbefore=\"\" data-ajaxafter=\"\" \/><input class=\"wpv_view_count wpv_view_count-4012\" type=\"hidden\" name=\"wpv_view_count\" value=\"4012\" \/>\n\n<\/form>\n<div id=\"wpv-view-layout-4012\" class=\"js-wpv-view-layout js-wpv-layout-responsive js-wpv-view-layout-4012\" data-viewnumber=\"4012\" data-pagination=\"{&quot;id&quot;:4012,&quot;query&quot;:&quot;normal&quot;,&quot;type&quot;:&quot;disabled&quot;,&quot;effect&quot;:&quot;fade&quot;,&quot;duration&quot;:500,&quot;speed&quot;:5,&quot;pause_on_hover&quot;:&quot;disabled&quot;,&quot;stop_rollover&quot;:&quot;false&quot;,&quot;cache_pages&quot;:&quot;enabled&quot;,&quot;preload_images&quot;:&quot;enabled&quot;,&quot;preload_pages&quot;:&quot;enabled&quot;,&quot;preload_reach&quot;:1,&quot;spinner&quot;:&quot;builtin&quot;,&quot;spinner_image&quot;:&quot;https:\/\/www.tevmot.org.tr\/wp-content\/plugins\/wp-views\/embedded\/res\/img\/ajax-loader.gif&quot;,&quot;callback_next&quot;:&quot;&quot;,&quot;manage_history&quot;:&quot;enabled&quot;,&quot;has_controls_in_form&quot;:&quot;disabled&quot;,&quot;infinite_tolerance&quot;:&quot;0&quot;,&quot;max_pages&quot;:0,&quot;page&quot;:1,&quot;base_permalink&quot;:&quot;\/en\/wp-json\/wp\/v2\/pages\/5335?wpv_view_count=4012&amp;wpv_paged=WPV_PAGE_NUM&quot;,&quot;loop&quot;:{&quot;type&quot;:&quot;&quot;,&quot;name&quot;:&quot;&quot;,&quot;data&quot;:[],&quot;id&quot;:0}}\" data-permalink=\"\/en\/wp-json\/wp\/v2\/pages\/5335?wpv_view_count=4012\">\n\n\t\n\t\n\t<table width=\"100%\">\n\t\t<thead>\n\t\t\t<tr>\n\t\t\t\t<th style=\"text-align: left !important; color: white !important;\" width=\"40%\">Organised Industrial Zone<\/th>\n\t\t\t\t<th style=\"text-align: left !important; color: white !important;\" width=\"60%\">Address<\/th>\n\t\t\t<\/tr>\n\t\t<\/thead>\n      \n      <tbody class=\"wpv-loop js-wpv-loop\">\n          \n\t\t\t<tr>\n\t\t\t\t<td width=\"40%\"><a class=\"linkfontlari\" href=\"https:\/\/www.adanaorganize.org.tr\" target=\"_blank\" rel=\"noopener noreferrer\">Adana Hac\u0131 Sabanc\u0131 Organize Sanayi B\u00f6lgesi<\/a><\/td>\n<td>\u00c7ukurova Caddesi No:4 (Ceyhan Yolu \u00fczeri 25. km) Sar\u0131\u00e7am \/ ADANA<\/td>\n\t\t\t<\/tr>\n\t\t\n\t\t\t<tr>\n\t\t\t\t<td width=\"40%\"><a class=\"linkfontlari\" href=\"https:\/\/www.aosb.org.tr\" target=\"_blank\" rel=\"noopener noreferrer\">Ankara Sanayi Odas\u0131 I. Organize Sanayi B\u00f6lgesi<\/a><\/td>\n<td>Aya\u015f Yolu 25. km. 06935 Sincan \/ ANKARA<\/td>\n\t\t\t<\/tr>\n\t\t\n\t\t\t<tr>\n\t\t\t\t<td width=\"40%\"><a class=\"linkfontlari\" href=\"https:\/\/www.antalyaosb.org.tr\" target=\"_blank\" rel=\"noopener noreferrer\">Antalya Organize Sanayi B\u00f6lgesi<\/a><\/td>\n<td>1. K\u0131s\u0131m Mah. 5. Cadde No:5 D\u00f6\u015femealt\u0131 \/ ANTALYA<\/td>\n\t\t\t<\/tr>\n\t\t\n\t\t\t<tr>\n\t\t\t\t<td width=\"40%\"><a class=\"linkfontlari\" href=\"http:\/\/www.bosb.org.tr\" target=\"_blank\" rel=\"noopener noreferrer\">Bursa Organize Sanayi B\u00f6lgesi<\/a><\/td>\n<td>Mavi Cad. 2. Sok. No:2  16140 Nil\u00fcfer \/ BURSA<\/td>\n\t\t\t<\/tr>\n\t\t\n\t\t\t<tr>\n\t\t\t\t<td width=\"40%\"><a class=\"linkfontlari\" href=\"https:\/\/www.gosb.com.tr\" target=\"_blank\" rel=\"noopener noreferrer\">Gebze Organize Sanayi B\u00f6lgesi<\/a><\/td>\n<td>\u015eahabettin Bilgisu Caddesi No:605 Gebze \/ KOCAEL\u0130<\/td>\n\t\t\t<\/tr>\n\t\t\n\t\t\t<tr>\n\t\t\t\t<td width=\"40%\"><a class=\"linkfontlari\" href=\"http:\/\/www.kosbi.org.tr\" target=\"_blank\" rel=\"noopener noreferrer\">\u0130zmir Kemalpa\u015fa Organize Sanayi B\u00f6lgesi<\/a><\/td>\n<td>Gazi Bulvar\u0131 No:189 35730 Kemalpa\u015fa \/ \u0130ZM\u0130R<\/td>\n\t\t\t<\/tr>\n\t\t\n\t\t\t<tr>\n\t\t\t\t<td width=\"40%\"><a class=\"linkfontlari\" href=\"https:\/\/uosb.org.tr\" target=\"_blank\" rel=\"noopener noreferrer\">U\u015fak Organize Sanayi B\u00f6lgesi<\/a><\/td>\n<td>U\u015fak \u0130zmir Karayolu 18. km, 111. Cad. No:365 U\u015eAK<\/td>\n\t\t\t<\/tr>\n\t\t\n\t\t<\/tbody>\n\t<\/table>\n\t\n\t\n\t\n<\/div>\n\t\t<\/div>\n\t\t\t\t<\/div>\n\t\t\t\t<div class=\"elementor-element elementor-element-9ca2094 elementor-widget elementor-widget-text-editor\" data-id=\"9ca2094\" data-element_type=\"widget\" data-widget_type=\"text-editor.default\">\n\t\t\t\t<div class=\"elementor-widget-container\">\n\t\t\t\t\t<div class=\"elementor-text-editor elementor-clearfix\"><\/div>\n\t\t\t\t<\/div>\n\t\t\t\t<\/div>\n\t\t\t\t\t\t<\/div>\n\t\t\t\t\t<\/div>\n\t\t<\/div>\n\t\t\t\t\t\t\t\t<\/div>\n\t\t\t\t\t<\/div>\n\t\t<\/section>\n\t\t\t\t\t\t<\/div>\n\t\t\t\t\t\t<\/div>\n\t\t\t\t\t<\/div>\n\t\t","protected":false},"excerpt":{"rendered":"<p>What is the Energy Management Unit (EMU) that operates in Organised Industrial Zones? In Article 9\/3, with the&#8230;<\/p>\n","protected":false},"author":1,"featured_media":0,"parent":0,"menu_order":0,"comment_status":"closed","ping_status":"closed","template":"elementor_header_footer","meta":{"spay_email":""},"yoast_head":"<!-- This site is optimized with the Yoast SEO plugin v18.3 - https:\/\/yoast.com\/wordpress\/plugins\/seo\/ -->\n<title>One-Stop Shop - TEVMOT<\/title>\n<meta name=\"robots\" content=\"index, follow, max-snippet:-1, max-image-preview:large, max-video-preview:-1\" \/>\n<link rel=\"canonical\" href=\"https:\/\/www.tevmot.org.tr\/en\/one-stop-shop\/\" \/>\n<meta property=\"og:locale\" content=\"en_US\" \/>\n<meta property=\"og:type\" content=\"article\" \/>\n<meta property=\"og:title\" content=\"One-Stop Shop - TEVMOT\" \/>\n<meta property=\"og:description\" content=\"What is the Energy Management Unit (EMU) that operates in Organised Industrial Zones? In Article 9\/3, with the...\" \/>\n<meta property=\"og:url\" content=\"https:\/\/www.tevmot.org.tr\/en\/one-stop-shop\/\" \/>\n<meta property=\"og:site_name\" content=\"TEVMOT\" \/>\n<meta property=\"article:modified_time\" content=\"2021-08-23T08:20:13+00:00\" \/>\n<meta property=\"og:image\" content=\"https:\/\/www.tevmot.org.tr\/wp-content\/uploads\/2022\/03\/tevmot-fb.jpg\" \/>\n\t<meta property=\"og:image:width\" content=\"1200\" \/>\n\t<meta property=\"og:image:height\" content=\"630\" \/>\n\t<meta property=\"og:image:type\" content=\"image\/jpeg\" \/>\n<meta name=\"twitter:card\" content=\"summary_large_image\" \/>\n<meta name=\"twitter:label1\" content=\"Est. reading time\" \/>\n\t<meta name=\"twitter:data1\" content=\"3 minutes\" \/>\n<script type=\"application\/ld+json\" class=\"yoast-schema-graph\">{\"@context\":\"https:\/\/schema.org\",\"@graph\":[{\"@type\":\"WebSite\",\"@id\":\"https:\/\/www.tevmot.org.tr\/#website\",\"url\":\"https:\/\/www.tevmot.org.tr\/\",\"name\":\"TEVMOT\",\"description\":\"T\u00fcrkiye\u2019de Enerji Verimli Motorlar\u0131n Te\u015fvik Edilmesi Projesi\",\"potentialAction\":[{\"@type\":\"SearchAction\",\"target\":{\"@type\":\"EntryPoint\",\"urlTemplate\":\"https:\/\/www.tevmot.org.tr\/?s={search_term_string}\"},\"query-input\":\"required name=search_term_string\"}],\"inLanguage\":\"en-US\"},{\"@type\":\"WebPage\",\"@id\":\"https:\/\/www.tevmot.org.tr\/en\/one-stop-shop\/#webpage\",\"url\":\"https:\/\/www.tevmot.org.tr\/en\/one-stop-shop\/\",\"name\":\"One-Stop Shop - TEVMOT\",\"isPartOf\":{\"@id\":\"https:\/\/www.tevmot.org.tr\/#website\"},\"datePublished\":\"2021-08-23T08:20:11+00:00\",\"dateModified\":\"2021-08-23T08:20:13+00:00\",\"breadcrumb\":{\"@id\":\"https:\/\/www.tevmot.org.tr\/en\/one-stop-shop\/#breadcrumb\"},\"inLanguage\":\"en-US\",\"potentialAction\":[{\"@type\":\"ReadAction\",\"target\":[\"https:\/\/www.tevmot.org.tr\/en\/one-stop-shop\/\"]}]},{\"@type\":\"BreadcrumbList\",\"@id\":\"https:\/\/www.tevmot.org.tr\/en\/one-stop-shop\/#breadcrumb\",\"itemListElement\":[{\"@type\":\"ListItem\",\"position\":1,\"name\":\"Anasayfa\",\"item\":\"https:\/\/www.tevmot.org.tr\/\"},{\"@type\":\"ListItem\",\"position\":2,\"name\":\"One-Stop Shop\"}]}]}<\/script>\n<!-- \/ Yoast SEO plugin. -->","yoast_head_json":{"title":"One-Stop Shop - TEVMOT","robots":{"index":"index","follow":"follow","max-snippet":"max-snippet:-1","max-image-preview":"max-image-preview:large","max-video-preview":"max-video-preview:-1"},"canonical":"https:\/\/www.tevmot.org.tr\/en\/one-stop-shop\/","og_locale":"en_US","og_type":"article","og_title":"One-Stop Shop - TEVMOT","og_description":"What is the Energy Management Unit (EMU) that operates in Organised Industrial Zones? In Article 9\/3, with the...","og_url":"https:\/\/www.tevmot.org.tr\/en\/one-stop-shop\/","og_site_name":"TEVMOT","article_modified_time":"2021-08-23T08:20:13+00:00","og_image":[{"width":1200,"height":630,"url":"https:\/\/www.tevmot.org.tr\/wp-content\/uploads\/2022\/03\/tevmot-fb.jpg","type":"image\/jpeg"}],"twitter_card":"summary_large_image","twitter_misc":{"Est. reading time":"3 minutes"},"schema":{"@context":"https:\/\/schema.org","@graph":[{"@type":"WebSite","@id":"https:\/\/www.tevmot.org.tr\/#website","url":"https:\/\/www.tevmot.org.tr\/","name":"TEVMOT","description":"T\u00fcrkiye\u2019de Enerji Verimli Motorlar\u0131n Te\u015fvik Edilmesi Projesi","potentialAction":[{"@type":"SearchAction","target":{"@type":"EntryPoint","urlTemplate":"https:\/\/www.tevmot.org.tr\/?s={search_term_string}"},"query-input":"required name=search_term_string"}],"inLanguage":"en-US"},{"@type":"WebPage","@id":"https:\/\/www.tevmot.org.tr\/en\/one-stop-shop\/#webpage","url":"https:\/\/www.tevmot.org.tr\/en\/one-stop-shop\/","name":"One-Stop Shop - TEVMOT","isPartOf":{"@id":"https:\/\/www.tevmot.org.tr\/#website"},"datePublished":"2021-08-23T08:20:11+00:00","dateModified":"2021-08-23T08:20:13+00:00","breadcrumb":{"@id":"https:\/\/www.tevmot.org.tr\/en\/one-stop-shop\/#breadcrumb"},"inLanguage":"en-US","potentialAction":[{"@type":"ReadAction","target":["https:\/\/www.tevmot.org.tr\/en\/one-stop-shop\/"]}]},{"@type":"BreadcrumbList","@id":"https:\/\/www.tevmot.org.tr\/en\/one-stop-shop\/#breadcrumb","itemListElement":[{"@type":"ListItem","position":1,"name":"Anasayfa","item":"https:\/\/www.tevmot.org.tr\/"},{"@type":"ListItem","position":2,"name":"One-Stop Shop"}]}]}},"jetpack_shortlink":"https:\/\/wp.me\/PcAOJZ-1o3","_links":{"self":[{"href":"https:\/\/www.tevmot.org.tr\/en\/wp-json\/wp\/v2\/pages\/5335"}],"collection":[{"href":"https:\/\/www.tevmot.org.tr\/en\/wp-json\/wp\/v2\/pages"}],"about":[{"href":"https:\/\/www.tevmot.org.tr\/en\/wp-json\/wp\/v2\/types\/page"}],"author":[{"embeddable":true,"href":"https:\/\/www.tevmot.org.tr\/en\/wp-json\/wp\/v2\/users\/1"}],"replies":[{"embeddable":true,"href":"https:\/\/www.tevmot.org.tr\/en\/wp-json\/wp\/v2\/comments?post=5335"}],"version-history":[{"count":1,"href":"https:\/\/www.tevmot.org.tr\/en\/wp-json\/wp\/v2\/pages\/5335\/revisions"}],"predecessor-version":[{"id":5336,"href":"https:\/\/www.tevmot.org.tr\/en\/wp-json\/wp\/v2\/pages\/5335\/revisions\/5336"}],"wp:attachment":[{"href":"https:\/\/www.tevmot.org.tr\/en\/wp-json\/wp\/v2\/media?parent=5335"}],"curies":[{"name":"wp","href":"https:\/\/api.w.org\/{rel}","templated":true}]}}