{"id":5337,"date":"2020-11-22T13:25:29","date_gmt":"2020-11-22T10:25:29","guid":{"rendered":"https:\/\/www.tevmot.org.tr\/incentives-supports\/"},"modified":"2024-12-04T19:11:16","modified_gmt":"2024-12-04T16:11:16","slug":"incentives-supports","status":"publish","type":"page","link":"https:\/\/www.tevmot.org.tr\/en\/incentives-supports\/","title":{"rendered":"Incentives &#8211; Supports"},"content":{"rendered":"\t\t<div data-elementor-type=\"wp-post\" data-elementor-id=\"5337\" class=\"elementor elementor-5337 elementor-3292\" data-elementor-settings=\"[]\">\n\t\t\t\t\t\t<div class=\"elementor-inner\">\n\t\t\t\t\t\t\t<div class=\"elementor-section-wrap\">\n\t\t\t\t\t\t\t<section class=\"elementor-section elementor-top-section elementor-element elementor-element-fab0763 elementor-section-boxed elementor-section-height-default elementor-section-height-default\" data-id=\"fab0763\" data-element_type=\"section\" data-settings=\"{&quot;background_background&quot;:&quot;classic&quot;}\">\n\t\t\t\t\t\t<div class=\"elementor-container elementor-column-gap-default\">\n\t\t\t\t\t\t\t<div class=\"elementor-row\">\n\t\t\t\t\t<div class=\"elementor-column elementor-col-50 elementor-top-column elementor-element elementor-element-6de3c0b\" data-id=\"6de3c0b\" data-element_type=\"column\">\n\t\t\t<div class=\"elementor-column-wrap elementor-element-populated\">\n\t\t\t\t\t\t\t<div class=\"elementor-widget-wrap\">\n\t\t\t\t\t\t<div class=\"elementor-element elementor-element-c53eade elementor-widget elementor-widget-text-editor\" data-id=\"c53eade\" data-element_type=\"widget\" data-widget_type=\"text-editor.default\">\n\t\t\t\t<div class=\"elementor-widget-container\">\n\t\t\t\t\t<div class=\"elementor-text-editor elementor-clearfix\"><h5 style=\"text-align: center;\">In Turkey, companies of different scales use alternative financing methods, such as government supports (KOSGEB, Ministry of Energy and Natural Resources), bank loans (investment loans, vendor loans, etc.), leasing, energy performance contracts (EPCs) and energy service companies (ESCO), for the financing of investments into energy efficiency.<\/h5>\n<\/div>\n\t\t\t\t<\/div>\n\t\t\t\t<\/div>\n\t\t\t\t\t\t<\/div>\n\t\t\t\t\t<\/div>\n\t\t<\/div>\n\t\t\t\t<div class=\"elementor-column elementor-col-50 elementor-top-column elementor-element elementor-element-8ef8188\" data-id=\"8ef8188\" data-element_type=\"column\">\n\t\t\t<div class=\"elementor-column-wrap elementor-element-populated\">\n\t\t\t\t\t\t\t<div class=\"elementor-widget-wrap\">\n\t\t\t\t\t\t<div data-over-color=\"\" data-over=\"overlay\" class=\"elementor-element elementor-element-f413548 elementor-aspect-ratio-169 elementor-widget elementor-widget-video\" data-id=\"f413548\" data-element_type=\"widget\" data-settings=\"{&quot;aspect_ratio&quot;:&quot;169&quot;}\" data-widget_type=\"video.default\">\n\t\t\t\t<div class=\"elementor-widget-container\">\n\t\t\t\t\t<div class=\"elementor-wrapper elementor-fit-aspect-ratio elementor-open-inline\">\n\t\t\t<iframe class=\"elementor-video-iframe\" allowfullscreen title=\"youtube Video Player\" src=\"https:\/\/www.youtube.com\/embed\/WayNWd6mwVg?feature=oembed&amp;start&amp;end&amp;wmode=opaque&amp;loop=0&amp;controls=1&amp;mute=0&amp;rel=0&amp;modestbranding=0\"><\/iframe>\t\t<\/div>\n\t\t\t\t<\/div>\n\t\t\t\t<\/div>\n\t\t\t\t\t\t<\/div>\n\t\t\t\t\t<\/div>\n\t\t<\/div>\n\t\t\t\t\t\t\t\t<\/div>\n\t\t\t\t\t<\/div>\n\t\t<\/section>\n\t\t\t\t<section class=\"elementor-section elementor-top-section elementor-element elementor-element-b676438 elementor-section-boxed elementor-section-height-default elementor-section-height-default\" data-id=\"b676438\" data-element_type=\"section\">\n\t\t\t\t\t\t<div class=\"elementor-container elementor-column-gap-default\">\n\t\t\t\t\t\t\t<div class=\"elementor-row\">\n\t\t\t\t\t<div class=\"elementor-column elementor-col-100 elementor-top-column elementor-element elementor-element-d9770aa\" data-id=\"d9770aa\" data-element_type=\"column\">\n\t\t\t<div class=\"elementor-column-wrap elementor-element-populated\">\n\t\t\t\t\t\t\t<div class=\"elementor-widget-wrap\">\n\t\t\t\t\t\t<div class=\"elementor-element elementor-element-7968128 elementor-widget elementor-widget-text-editor\" data-id=\"7968128\" data-element_type=\"widget\" data-widget_type=\"text-editor.default\">\n\t\t\t\t<div class=\"elementor-widget-container\">\n\t\t\t\t\t<div class=\"elementor-text-editor elementor-clearfix\"><h2 style=\"text-align: left;\">GOVERNMENT SUPPORTS<\/h2>\n<\/div>\n\t\t\t\t<\/div>\n\t\t\t\t<\/div>\n\t\t\t\t\t\t<\/div>\n\t\t\t\t\t<\/div>\n\t\t<\/div>\n\t\t\t\t\t\t\t\t<\/div>\n\t\t\t\t\t<\/div>\n\t\t<\/section>\n\t\t\t\t<section class=\"elementor-section elementor-top-section elementor-element elementor-element-5248d81 elementor-section-boxed elementor-section-height-default elementor-section-height-default\" data-id=\"5248d81\" data-element_type=\"section\">\n\t\t\t\t\t\t<div class=\"elementor-container elementor-column-gap-default\">\n\t\t\t\t\t\t\t<div class=\"elementor-row\">\n\t\t\t\t\t<div class=\"elementor-column elementor-col-100 elementor-top-column elementor-element elementor-element-eb9a639\" data-id=\"eb9a639\" data-element_type=\"column\">\n\t\t\t<div class=\"elementor-column-wrap elementor-element-populated\">\n\t\t\t\t\t\t\t<div class=\"elementor-widget-wrap\">\n\t\t\t\t\t\t<div class=\"elementor-element elementor-element-8dc9768 elementor-widget elementor-widget-heading\" data-id=\"8dc9768\" data-element_type=\"widget\" data-widget_type=\"heading.default\">\n\t\t\t\t<div class=\"elementor-widget-container\">\n\t\t\t<h2 class=\"elementor-heading-title elementor-size-default elementor-heading-title elementor-size-default elementor-align-after-left\">I. KOSGEB Green Industry Program<\/h2>\t\t<\/div>\n\t\t\t\t<\/div>\n\t\t\t\t<div class=\"elementor-element elementor-element-93570e7 elementor-widget elementor-widget-text-editor\" data-id=\"93570e7\" data-element_type=\"widget\" data-widget_type=\"text-editor.default\">\n\t\t\t\t<div class=\"elementor-widget-container\">\n\t\t\t\t\t<div class=\"elementor-text-editor elementor-clearfix\"><p>In the first phase of the project, co-financing was provided for the &#8220;SME Energy Efficiency Support&#8221; through collaboration with KOSGEB. Separate from this program, which was suspended on August 15, 2024, the Green Industry Support Program came into effect in December 2023, including the replacement of electric motors.<\/p>\n<\/div>\n\t\t\t\t<\/div>\n\t\t\t\t<\/div>\n\t\t\t\t<div class=\"elementor-element elementor-element-94f7f3f elementor-widget elementor-widget-sm-default-button\" data-id=\"94f7f3f\" data-element_type=\"widget\" data-widget_type=\"sm-default-button.default\">\n\t\t\t\t<div class=\"elementor-widget-container\">\n\t\t\t\n\t\t\t\t<a target=\"_blank\"  href=\"https:\/\/www.kosgeb.gov.tr\/site\/tr\/genel\/destekdetay\/9022\/yesil-sanayi-destek-programi\" class=\"btn  \">Detayl\u0131 Bilgi  \u0130\u00e7in<i class=\"ti ti-arrow-right\"><\/i><\/a>\n\t\t\n\t\t\t<\/div>\n\t\t\t\t<\/div>\n\t\t\t\t\t\t<\/div>\n\t\t\t\t\t<\/div>\n\t\t<\/div>\n\t\t\t\t\t\t\t\t<\/div>\n\t\t\t\t\t<\/div>\n\t\t<\/section>\n\t\t\t\t<section class=\"elementor-section elementor-top-section elementor-element elementor-element-74215fd elementor-section-boxed elementor-section-height-default elementor-section-height-default\" data-id=\"74215fd\" data-element_type=\"section\" data-settings=\"{&quot;background_background&quot;:&quot;classic&quot;}\">\n\t\t\t\t\t\t<div class=\"elementor-container elementor-column-gap-default\">\n\t\t\t\t\t\t\t<div class=\"elementor-row\">\n\t\t\t\t\t<div class=\"elementor-column elementor-col-100 elementor-top-column elementor-element elementor-element-1e85abb\" data-id=\"1e85abb\" data-element_type=\"column\">\n\t\t\t<div class=\"elementor-column-wrap elementor-element-populated\">\n\t\t\t\t\t\t\t<div class=\"elementor-widget-wrap\">\n\t\t\t\t\t\t<div class=\"elementor-element elementor-element-914e0ad elementor-widget elementor-widget-heading\" data-id=\"914e0ad\" data-element_type=\"widget\" data-widget_type=\"heading.default\">\n\t\t\t\t<div class=\"elementor-widget-container\">\n\t\t\t<h2 class=\"elementor-heading-title elementor-size-default elementor-heading-title elementor-size-default elementor-align-after-left\"><p>II. Supports provided by the Ministry of Energy and Natural Resources of the Republic of Turkey<br><em>a. Productivity Enhancement Project (PEP \/ VAP)<\/em><\/p><\/h2>\t\t<\/div>\n\t\t\t\t<\/div>\n\t\t\t\t<div class=\"elementor-element elementor-element-95f3d1f elementor-widget elementor-widget-text-editor\" data-id=\"95f3d1f\" data-element_type=\"widget\" data-widget_type=\"text-editor.default\">\n\t\t\t\t<div class=\"elementor-widget-container\">\n\t\t\t\t\t<div class=\"elementor-text-editor elementor-clearfix\"><p>Projects aimed at preventing or minimising the unnecessary use of energy, as well as energy losses and waste, by means of energy-efficient equipment and systems, insulation, rehabilitation and process rearrangements, include such solutions as the recovery of waste energy and the use of cogeneration systems, which are considered Productivity Enhancement Project (PEPs).<\/p>\n<p>In this context, projects with a maximum investment value of TRY 5,000,000 excluding VAT are supported by the Ministry with a maximum of 30 percent of the project cost provided as a grant.<\/p>\n<p>Applications for Productivity Enhancement Project (PEPs) for 2020 have started to be received by the Ministry, and applications for Productivity Enhancement Project (PEPs) prepared by ESCOs for Industrial Enterprises will continue until 31 December, 2020.<\/p>\n<\/div>\n\t\t\t\t<\/div>\n\t\t\t\t<\/div>\n\t\t\t\t<div class=\"elementor-element elementor-element-f2cb4ad elementor-widget elementor-widget-sm-default-button\" data-id=\"f2cb4ad\" data-element_type=\"widget\" data-widget_type=\"sm-default-button.default\">\n\t\t\t\t<div class=\"elementor-widget-container\">\n\t\t\t\n\t\t\t\t<a target=\"_blank\"  href=\"https:\/\/enerji.gov.tr\/duyuru-detay?id=60\" class=\"btn  \">Detayl\u0131 Bilgi  \u0130\u00e7in<i class=\"ti ti-arrow-right\"><\/i><\/a>\n\t\t\n\t\t\t<\/div>\n\t\t\t\t<\/div>\n\t\t\t\t\t\t<\/div>\n\t\t\t\t\t<\/div>\n\t\t<\/div>\n\t\t\t\t\t\t\t\t<\/div>\n\t\t\t\t\t<\/div>\n\t\t<\/section>\n\t\t\t\t<section class=\"elementor-section elementor-top-section elementor-element elementor-element-57bb175 elementor-section-boxed elementor-section-height-default elementor-section-height-default\" data-id=\"57bb175\" data-element_type=\"section\" data-settings=\"{&quot;background_background&quot;:&quot;classic&quot;}\">\n\t\t\t\t\t\t<div class=\"elementor-container elementor-column-gap-default\">\n\t\t\t\t\t\t\t<div class=\"elementor-row\">\n\t\t\t\t\t<div class=\"elementor-column elementor-col-100 elementor-top-column elementor-element elementor-element-6b2e200\" data-id=\"6b2e200\" data-element_type=\"column\">\n\t\t\t<div class=\"elementor-column-wrap elementor-element-populated\">\n\t\t\t\t\t\t\t<div class=\"elementor-widget-wrap\">\n\t\t\t\t\t\t<div class=\"elementor-element elementor-element-cda3030 elementor-widget elementor-widget-heading\" data-id=\"cda3030\" data-element_type=\"widget\" data-widget_type=\"heading.default\">\n\t\t\t\t<div class=\"elementor-widget-container\">\n\t\t\t<h2 class=\"elementor-heading-title elementor-size-default elementor-heading-title elementor-size-default elementor-align-after-left\"><p><em>b. Voluntary Agreement Supports<\/em><\/p><\/h2>\t\t<\/div>\n\t\t\t\t<\/div>\n\t\t\t\t<div class=\"elementor-element elementor-element-5e7c2c0 elementor-widget elementor-widget-text-editor\" data-id=\"5e7c2c0\" data-element_type=\"widget\" data-widget_type=\"text-editor.default\">\n\t\t\t\t<div class=\"elementor-widget-container\">\n\t\t\t\t\t<div class=\"elementor-text-editor elementor-clearfix\"><p>Voluntary Agreements are agreements that an industrial enterprise concludes with the Ministry by committing to reduce energy intensity by at least 10 percent on average in the 3 years following the agreement, based on the reference energy density of the past five years. Within the scope of voluntary agreement support, 30 percent of the energy expenses of an enterprise that fulfils its commitments for the year in which the agreement is made are covered in cash, up to a limit of 1,000,000 TL.<\/p>\n<\/div>\n\t\t\t\t<\/div>\n\t\t\t\t<\/div>\n\t\t\t\t\t\t<\/div>\n\t\t\t\t\t<\/div>\n\t\t<\/div>\n\t\t\t\t\t\t\t\t<\/div>\n\t\t\t\t\t<\/div>\n\t\t<\/section>\n\t\t\t\t<section class=\"elementor-section elementor-top-section elementor-element elementor-element-9b9a47d elementor-section-boxed elementor-section-height-default elementor-section-height-default\" data-id=\"9b9a47d\" data-element_type=\"section\" data-settings=\"{&quot;background_background&quot;:&quot;classic&quot;}\">\n\t\t\t\t\t\t<div class=\"elementor-container elementor-column-gap-default\">\n\t\t\t\t\t\t\t<div class=\"elementor-row\">\n\t\t\t\t\t<div class=\"elementor-column elementor-col-100 elementor-top-column elementor-element elementor-element-62a935a\" data-id=\"62a935a\" data-element_type=\"column\">\n\t\t\t<div class=\"elementor-column-wrap elementor-element-populated\">\n\t\t\t\t\t\t\t<div class=\"elementor-widget-wrap\">\n\t\t\t\t\t\t<div class=\"elementor-element elementor-element-7422d66 elementor-widget elementor-widget-heading\" data-id=\"7422d66\" data-element_type=\"widget\" data-widget_type=\"heading.default\">\n\t\t\t\t<div class=\"elementor-widget-container\">\n\t\t\t<h2 class=\"elementor-heading-title elementor-size-default elementor-heading-title elementor-size-default elementor-align-after-left\"><p><em>c. 5th Regional Incentives<\/em><\/p><\/h2>\t\t<\/div>\n\t\t\t\t<\/div>\n\t\t\t\t<div class=\"elementor-element elementor-element-d9f52ee elementor-widget elementor-widget-text-editor\" data-id=\"d9f52ee\" data-element_type=\"widget\" data-widget_type=\"text-editor.default\">\n\t\t\t\t<div class=\"elementor-widget-container\">\n\t\t\t\t\t<div class=\"elementor-text-editor elementor-clearfix\"><p>Based on the approval of the project by the Ministry, investments for energy efficiency with a minimum of 500 TEP energy consumption per year that are designed to provide energy savings of at least 20 percent compared to the current situation, and energy savings with a maximum investment return period of 5 years, can benefit from incentives granted for the 5th Region, regardless of the region in which the investment is made.<\/p>\n<p>The incentives to be benefited include value added tax exemption, customs tax exemption, tax reduction, support for employer\u2019s insurance premium share, interest support and allocation of investment location.<\/p>\n<\/div>\n\t\t\t\t<\/div>\n\t\t\t\t<\/div>\n\t\t\t\t<div class=\"elementor-element elementor-element-ec9df18 elementor-widget elementor-widget-sm-default-button\" data-id=\"ec9df18\" data-element_type=\"widget\" data-widget_type=\"sm-default-button.default\">\n\t\t\t\t<div class=\"elementor-widget-container\">\n\t\t\t\n\t\t\t\t<a target=\"_blank\"  href=\"https:\/\/enerji.gov.tr\/bilgi-merkezi-enerji-verimliligi-destekleri\" class=\"btn  \">Detayl\u0131 Bilgi  \u0130\u00e7in<i class=\"ti ti-arrow-right\"><\/i><\/a>\n\t\t\n\t\t\t<\/div>\n\t\t\t\t<\/div>\n\t\t\t\t\t\t<\/div>\n\t\t\t\t\t<\/div>\n\t\t<\/div>\n\t\t\t\t\t\t\t\t<\/div>\n\t\t\t\t\t<\/div>\n\t\t<\/section>\n\t\t\t\t<section class=\"elementor-section elementor-top-section elementor-element elementor-element-60e2228 elementor-section-boxed elementor-section-height-default elementor-section-height-default\" data-id=\"60e2228\" data-element_type=\"section\" data-settings=\"{&quot;background_background&quot;:&quot;classic&quot;}\">\n\t\t\t\t\t\t<div class=\"elementor-container elementor-column-gap-default\">\n\t\t\t\t\t\t\t<div class=\"elementor-row\">\n\t\t\t\t\t<div class=\"elementor-column elementor-col-100 elementor-top-column elementor-element elementor-element-65588e9\" data-id=\"65588e9\" data-element_type=\"column\">\n\t\t\t<div class=\"elementor-column-wrap elementor-element-populated\">\n\t\t\t\t\t\t\t<div class=\"elementor-widget-wrap\">\n\t\t\t\t\t\t<div class=\"elementor-element elementor-element-c325707 elementor-widget elementor-widget-heading\" data-id=\"c325707\" data-element_type=\"widget\" data-widget_type=\"heading.default\">\n\t\t\t\t<div class=\"elementor-widget-container\">\n\t\t\t<h2 class=\"elementor-heading-title elementor-size-default elementor-heading-title elementor-size-default elementor-align-after-left\">Leasing<\/h2>\t\t<\/div>\n\t\t\t\t<\/div>\n\t\t\t\t<div class=\"elementor-element elementor-element-13a7864 elementor-widget elementor-widget-text-editor\" data-id=\"13a7864\" data-element_type=\"widget\" data-widget_type=\"text-editor.default\">\n\t\t\t\t<div class=\"elementor-widget-container\">\n\t\t\t\t\t<div class=\"elementor-text-editor elementor-clearfix\"><p>As a medium- and long-term financing method, leasing stands out as an alternative financial model used by companies of different scales operating in the manufacturing and services sector for investments. VAT exemption for certain products is one of the factors that makes leasing attractive for companies.<\/p>\n<p>In terms of energy efficiency, leasing is mostly used in the investments of companies for generators and for heating, cooling and ventilation systems. The share of such equipment in the total leasing transaction volume is less than 1 percent.<\/p>\n<p>Leasing will be preferred as an alternative financing model, since there is also an exemption for investments made within the scope of energy efficiency, and the leasing of \u201celectric motors\u201d that fall under the main equipment group of \u201celectrical energy generation and control equipment\u201d is subject to a VAT rate of 1 percent and leasing for motor replacement will be supported with a VAT reduction.<\/p>\n<\/div>\n\t\t\t\t<\/div>\n\t\t\t\t<\/div>\n\t\t\t\t\t\t<\/div>\n\t\t\t\t\t<\/div>\n\t\t<\/div>\n\t\t\t\t\t\t\t\t<\/div>\n\t\t\t\t\t<\/div>\n\t\t<\/section>\n\t\t\t\t\t\t<\/div>\n\t\t\t\t\t\t<\/div>\n\t\t\t\t\t<\/div>\n\t\t","protected":false},"excerpt":{"rendered":"<p>In Turkey, companies of different scales use alternative financing methods, such as government supports (KOSGEB, Ministry of Energy&#8230;<\/p>\n","protected":false},"author":1,"featured_media":0,"parent":0,"menu_order":0,"comment_status":"closed","ping_status":"closed","template":"elementor_header_footer","meta":{"spay_email":""},"yoast_head":"<!-- This site is optimized with the Yoast SEO plugin v18.3 - https:\/\/yoast.com\/wordpress\/plugins\/seo\/ -->\n<title>Incentives - Supports - TEVMOT<\/title>\n<meta name=\"robots\" content=\"index, follow, max-snippet:-1, max-image-preview:large, max-video-preview:-1\" \/>\n<link rel=\"canonical\" href=\"https:\/\/www.tevmot.org.tr\/en\/tesvikler-destekler\/\" \/>\n<meta property=\"og:locale\" content=\"en_US\" \/>\n<meta property=\"og:type\" content=\"article\" \/>\n<meta property=\"og:title\" content=\"Incentives - Supports - TEVMOT\" \/>\n<meta property=\"og:description\" content=\"In Turkey, companies of different scales use alternative financing methods, such as government supports (KOSGEB, Ministry of Energy...\" \/>\n<meta property=\"og:url\" content=\"https:\/\/www.tevmot.org.tr\/tesvikler-destekler\/\" \/>\n<meta property=\"og:site_name\" content=\"TEVMOT\" \/>\n<meta property=\"article:modified_time\" content=\"2024-12-04T16:11:16+00:00\" \/>\n<meta property=\"og:image\" content=\"https:\/\/www.tevmot.org.tr\/wp-content\/uploads\/2022\/03\/tevmot-fb.jpg\" \/>\n\t<meta property=\"og:image:width\" content=\"1200\" \/>\n\t<meta property=\"og:image:height\" content=\"630\" \/>\n\t<meta property=\"og:image:type\" content=\"image\/jpeg\" \/>\n<meta name=\"twitter:card\" content=\"summary_large_image\" \/>\n<meta name=\"twitter:label1\" content=\"Est. reading time\" \/>\n\t<meta name=\"twitter:data1\" content=\"3 minutes\" \/>\n<script type=\"application\/ld+json\" class=\"yoast-schema-graph\">{\"@context\":\"https:\/\/schema.org\",\"@graph\":[{\"@type\":\"WebSite\",\"@id\":\"https:\/\/www.tevmot.org.tr\/#website\",\"url\":\"https:\/\/www.tevmot.org.tr\/\",\"name\":\"TEVMOT\",\"description\":\"T\u00fcrkiye\u2019de Enerji Verimli Motorlar\u0131n Te\u015fvik Edilmesi Projesi\",\"potentialAction\":[{\"@type\":\"SearchAction\",\"target\":{\"@type\":\"EntryPoint\",\"urlTemplate\":\"https:\/\/www.tevmot.org.tr\/?s={search_term_string}\"},\"query-input\":\"required name=search_term_string\"}],\"inLanguage\":\"en-US\"},{\"@type\":\"WebPage\",\"@id\":\"https:\/\/www.tevmot.org.tr\/tesvikler-destekler\/#webpage\",\"url\":\"https:\/\/www.tevmot.org.tr\/tesvikler-destekler\/\",\"name\":\"Incentives - Supports - TEVMOT\",\"isPartOf\":{\"@id\":\"https:\/\/www.tevmot.org.tr\/#website\"},\"datePublished\":\"2020-11-22T10:25:29+00:00\",\"dateModified\":\"2024-12-04T16:11:16+00:00\",\"breadcrumb\":{\"@id\":\"https:\/\/www.tevmot.org.tr\/tesvikler-destekler\/#breadcrumb\"},\"inLanguage\":\"en-US\",\"potentialAction\":[{\"@type\":\"ReadAction\",\"target\":[\"https:\/\/www.tevmot.org.tr\/tesvikler-destekler\/\"]}]},{\"@type\":\"BreadcrumbList\",\"@id\":\"https:\/\/www.tevmot.org.tr\/tesvikler-destekler\/#breadcrumb\",\"itemListElement\":[{\"@type\":\"ListItem\",\"position\":1,\"name\":\"Anasayfa\",\"item\":\"https:\/\/www.tevmot.org.tr\/\"},{\"@type\":\"ListItem\",\"position\":2,\"name\":\"Incentives &#8211; Supports\"}]}]}<\/script>\n<!-- \/ Yoast SEO plugin. -->","yoast_head_json":{"title":"Incentives - Supports - TEVMOT","robots":{"index":"index","follow":"follow","max-snippet":"max-snippet:-1","max-image-preview":"max-image-preview:large","max-video-preview":"max-video-preview:-1"},"canonical":"https:\/\/www.tevmot.org.tr\/en\/tesvikler-destekler\/","og_locale":"en_US","og_type":"article","og_title":"Incentives - Supports - TEVMOT","og_description":"In Turkey, companies of different scales use alternative financing methods, such as government supports (KOSGEB, Ministry of Energy...","og_url":"https:\/\/www.tevmot.org.tr\/tesvikler-destekler\/","og_site_name":"TEVMOT","article_modified_time":"2024-12-04T16:11:16+00:00","og_image":[{"width":1200,"height":630,"url":"https:\/\/www.tevmot.org.tr\/wp-content\/uploads\/2022\/03\/tevmot-fb.jpg","type":"image\/jpeg"}],"twitter_card":"summary_large_image","twitter_misc":{"Est. reading time":"3 minutes"},"schema":{"@context":"https:\/\/schema.org","@graph":[{"@type":"WebSite","@id":"https:\/\/www.tevmot.org.tr\/#website","url":"https:\/\/www.tevmot.org.tr\/","name":"TEVMOT","description":"T\u00fcrkiye\u2019de Enerji Verimli Motorlar\u0131n Te\u015fvik Edilmesi Projesi","potentialAction":[{"@type":"SearchAction","target":{"@type":"EntryPoint","urlTemplate":"https:\/\/www.tevmot.org.tr\/?s={search_term_string}"},"query-input":"required name=search_term_string"}],"inLanguage":"en-US"},{"@type":"WebPage","@id":"https:\/\/www.tevmot.org.tr\/tesvikler-destekler\/#webpage","url":"https:\/\/www.tevmot.org.tr\/tesvikler-destekler\/","name":"Incentives - Supports - TEVMOT","isPartOf":{"@id":"https:\/\/www.tevmot.org.tr\/#website"},"datePublished":"2020-11-22T10:25:29+00:00","dateModified":"2024-12-04T16:11:16+00:00","breadcrumb":{"@id":"https:\/\/www.tevmot.org.tr\/tesvikler-destekler\/#breadcrumb"},"inLanguage":"en-US","potentialAction":[{"@type":"ReadAction","target":["https:\/\/www.tevmot.org.tr\/tesvikler-destekler\/"]}]},{"@type":"BreadcrumbList","@id":"https:\/\/www.tevmot.org.tr\/tesvikler-destekler\/#breadcrumb","itemListElement":[{"@type":"ListItem","position":1,"name":"Anasayfa","item":"https:\/\/www.tevmot.org.tr\/"},{"@type":"ListItem","position":2,"name":"Incentives &#8211; Supports"}]}]}},"jetpack_shortlink":"https:\/\/wp.me\/PcAOJZ-1o5","_links":{"self":[{"href":"https:\/\/www.tevmot.org.tr\/en\/wp-json\/wp\/v2\/pages\/5337"}],"collection":[{"href":"https:\/\/www.tevmot.org.tr\/en\/wp-json\/wp\/v2\/pages"}],"about":[{"href":"https:\/\/www.tevmot.org.tr\/en\/wp-json\/wp\/v2\/types\/page"}],"author":[{"embeddable":true,"href":"https:\/\/www.tevmot.org.tr\/en\/wp-json\/wp\/v2\/users\/1"}],"replies":[{"embeddable":true,"href":"https:\/\/www.tevmot.org.tr\/en\/wp-json\/wp\/v2\/comments?post=5337"}],"version-history":[{"count":4,"href":"https:\/\/www.tevmot.org.tr\/en\/wp-json\/wp\/v2\/pages\/5337\/revisions"}],"predecessor-version":[{"id":7113,"href":"https:\/\/www.tevmot.org.tr\/en\/wp-json\/wp\/v2\/pages\/5337\/revisions\/7113"}],"wp:attachment":[{"href":"https:\/\/www.tevmot.org.tr\/en\/wp-json\/wp\/v2\/media?parent=5337"}],"curies":[{"name":"wp","href":"https:\/\/api.w.org\/{rel}","templated":true}]}}