{"id":5339,"date":"2021-08-23T11:53:38","date_gmt":"2021-08-23T08:53:38","guid":{"rendered":"https:\/\/www.tevmot.org.tr\/documents\/"},"modified":"2021-08-23T11:53:39","modified_gmt":"2021-08-23T08:53:39","slug":"documents","status":"publish","type":"page","link":"https:\/\/www.tevmot.org.tr\/en\/documents\/","title":{"rendered":"Documents"},"content":{"rendered":"\t\t<div data-elementor-type=\"wp-post\" data-elementor-id=\"5339\" class=\"elementor elementor-5339 elementor-2930\" data-elementor-settings=\"[]\">\n\t\t\t\t\t\t<div class=\"elementor-inner\">\n\t\t\t\t\t\t\t<div class=\"elementor-section-wrap\">\n\t\t\t\t\t\t\t<section class=\"elementor-section elementor-top-section elementor-element elementor-element-fab0763 elementor-section-height-min-height elementor-section-boxed elementor-section-height-default elementor-section-items-middle\" data-id=\"fab0763\" data-element_type=\"section\">\n\t\t\t\t\t\t<div class=\"elementor-container elementor-column-gap-default\">\n\t\t\t\t\t\t\t<div class=\"elementor-row\">\n\t\t\t\t\t<div class=\"elementor-column elementor-col-100 elementor-top-column elementor-element elementor-element-6de3c0b\" data-id=\"6de3c0b\" data-element_type=\"column\">\n\t\t\t<div class=\"elementor-column-wrap elementor-element-populated\">\n\t\t\t\t\t\t\t<div class=\"elementor-widget-wrap\">\n\t\t\t\t\t\t<div class=\"elementor-element elementor-element-c53eade elementor-widget elementor-widget-text-editor\" data-id=\"c53eade\" data-element_type=\"widget\" data-widget_type=\"text-editor.default\">\n\t\t\t\t<div class=\"elementor-widget-container\">\n\t\t\t\t\t<div class=\"elementor-text-editor elementor-clearfix\"><p style=\"text-align: center;\"><div class=\"dflip-books\"><div class=\"_df_thumb \" id=\"df_6624\"  books=\"dokumanlar\" limit=\"-1\" data-title=\"tevmot-pilot-program-kapanis-raporu\" _slug=\"tevmot-pilot-program-kapanis-raporu\" wpoptions=\"true\" thumb=\"https:\/\/www.tevmot.org.tr\/wp-content\/uploads\/2023\/05\/1-01-scaled.jpg\" thumbtype=\"bg\" >TEVMOT Pilot Program Kapan\u0131\u015f Raporu<\/div><script class=\"df-shortcode-script\" type=\"application\/javascript\">window.option_df_6624 = {\"outline\":[],\"forceFit\":\"true\",\"autoEnableOutline\":\"false\",\"autoEnableThumbnail\":\"false\",\"overwritePDFOutline\":\"false\",\"direction\":\"1\",\"pageSize\":\"0\",\"source\":\"https:\\\/\\\/www.tevmot.org.tr\\\/wp-content\\\/uploads\\\/2023\\\/06\\\/TEVMOT-Pilot-Program-Kapanis-Raporu-110523.pdf\",\"wpOptions\":\"true\"}; if(window.DFLIP && window.DFLIP.parseBooks){window.DFLIP.parseBooks();}<\/script><div class=\"_df_thumb \" id=\"df_5672\"  books=\"dokumanlar\" limit=\"-1\" data-title=\"sanayi-tesisleri-icin-elektronik-atik-yonetim-rehberi\" _slug=\"sanayi-tesisleri-icin-elektronik-atik-yonetim-rehberi\" wpoptions=\"true\" thumb=\"https:\/\/www.tevmot.org.tr\/wp-content\/uploads\/2021\/09\/Atik-Yinetim-Rehberi.jpg\" thumbtype=\"bg\" >Sanayi Tesisleri i\u00e7in Elektronik At\u0131k Y\u00f6netim Rehberi<\/div><script class=\"df-shortcode-script\" type=\"application\/javascript\">window.option_df_5672 = {\"outline\":[],\"forceFit\":\"true\",\"autoEnableOutline\":\"false\",\"autoEnableThumbnail\":\"false\",\"overwritePDFOutline\":\"false\",\"direction\":\"1\",\"pageSize\":\"0\",\"source\":\"https:\\\/\\\/www.tevmot.org.tr\\\/wp-content\\\/uploads\\\/2021\\\/09\\\/Atik-Yinetim-Rehberi.pdf\",\"wpOptions\":\"true\"}; if(window.DFLIP && window.DFLIP.parseBooks){window.DFLIP.parseBooks();}<\/script><div class=\"_df_thumb \" id=\"df_3707\"  books=\"dokumanlar\" limit=\"-1\" data-title=\"elektrik-motorlarinda-enerji-verimliligi\" _slug=\"elektrik-motorlarinda-enerji-verimliligi\" wpoptions=\"true\" thumb=\"https:\/\/www.tevmot.org.tr\/wp-content\/uploads\/2020\/12\/Elektrik-Motorlarinda-Enerji-Verimlilgi-kapak.jpg\" thumbtype=\"bg\" >Elektrik Motorlar\u0131nda Enerji Verimlili\u011fi<\/div><script class=\"df-shortcode-script\" type=\"application\/javascript\">window.option_df_3707 = {\"outline\":[],\"forceFit\":\"true\",\"autoEnableOutline\":\"false\",\"autoEnableThumbnail\":\"false\",\"overwritePDFOutline\":\"false\",\"direction\":\"1\",\"pageSize\":\"0\",\"pageMode\":\"1\",\"source\":\"https:\\\/\\\/www.tevmot.org.tr\\\/wp-content\\\/uploads\\\/2020\\\/11\\\/Elektrik-Motorlarinda-Enerji-Verimlilgi-Brosuru.pdf\",\"wpOptions\":\"true\"}; if(window.DFLIP && window.DFLIP.parseBooks){window.DFLIP.parseBooks();}<\/script><div class=\"_df_thumb \" id=\"df_3629\"  books=\"dokumanlar\" limit=\"-1\" data-title=\"motor-summit-sunumu\" _slug=\"motor-summit-sunumu\" wpoptions=\"true\" thumb=\"https:\/\/www.tevmot.org.tr\/wp-content\/uploads\/2020\/11\/Motor-Summit-Gursu-Sezen-Torun_Fatma-Cil-cover.jpg\" thumbtype=\"bg\" >Motor Summit Sunumu<\/div><script class=\"df-shortcode-script\" type=\"application\/javascript\">window.option_df_3629 = {\"outline\":[],\"forceFit\":\"true\",\"autoEnableOutline\":\"false\",\"autoEnableThumbnail\":\"false\",\"overwritePDFOutline\":\"false\",\"direction\":\"1\",\"pageSize\":\"0\",\"pageMode\":\"1\",\"singlePageMode\":\"2\",\"source\":\"https:\\\/\\\/www.tevmot.org.tr\\\/wp-content\\\/uploads\\\/2020\\\/11\\\/Motor-Summit-Gursu-Sezen-Torun_Fatma-Cil.pdf\",\"wpOptions\":\"true\"}; if(window.DFLIP && window.DFLIP.parseBooks){window.DFLIP.parseBooks();}<\/script><div class=\"_df_thumb \" id=\"df_3625\"  books=\"dokumanlar\" limit=\"-1\" data-title=\"envanter-raporu-en\" _slug=\"envanter-raporu-en\" wpoptions=\"true\" thumb=\"https:\/\/www.tevmot.org.tr\/wp-content\/uploads\/2020\/11\/envanter-rapor-kapak-EN.jpg\" thumbtype=\"bg\" >Envanter Raporu EN<\/div><script class=\"df-shortcode-script\" type=\"application\/javascript\">window.option_df_3625 = {\"outline\":[],\"forceFit\":\"true\",\"autoEnableOutline\":\"false\",\"autoEnableThumbnail\":\"false\",\"overwritePDFOutline\":\"false\",\"direction\":\"1\",\"pageSize\":\"0\",\"source\":\"https:\\\/\\\/www.tevmot.org.tr\\\/wp-content\\\/uploads\\\/2020\\\/11\\\/Envanter-Raporu-EN.pdf\",\"wpOptions\":\"true\"}; if(window.DFLIP && window.DFLIP.parseBooks){window.DFLIP.parseBooks();}<\/script><div class=\"_df_thumb \" id=\"df_3619\"  books=\"dokumanlar\" limit=\"-1\" data-title=\"envanter-raporu\" _slug=\"envanter-raporu\" wpoptions=\"true\" thumb=\"https:\/\/www.tevmot.org.tr\/wp-content\/uploads\/2020\/11\/Envanter-Raporu-Kapak-TR.jpg\" thumbtype=\"bg\" >Envanter Raporu<\/div><script class=\"df-shortcode-script\" type=\"application\/javascript\">window.option_df_3619 = {\"outline\":[],\"forceFit\":\"true\",\"autoEnableOutline\":\"false\",\"autoEnableThumbnail\":\"false\",\"overwritePDFOutline\":\"false\",\"direction\":\"1\",\"pageSize\":\"0\",\"source\":\"https:\\\/\\\/www.tevmot.org.tr\\\/wp-content\\\/uploads\\\/2020\\\/11\\\/Envanter-Raporu-TR.pdf\",\"wpOptions\":\"true\"}; if(window.DFLIP && window.DFLIP.parseBooks){window.DFLIP.parseBooks();}<\/script><div class=\"_df_thumb \" id=\"df_3601\"  books=\"dokumanlar\" limit=\"-1\" data-title=\"motor-tahrikli-sistemler\" _slug=\"motor-tahrikli-sistemler\" wpoptions=\"true\" thumb=\"https:\/\/www.tevmot.org.tr\/wp-content\/uploads\/2020\/11\/Motor-Tahrikli-Sistemler-kapak.jpg\" thumbtype=\"bg\" >Motor Tahrikli Sistemler<\/div><script class=\"df-shortcode-script\" type=\"application\/javascript\">window.option_df_3601 = {\"outline\":[],\"forceFit\":\"true\",\"autoEnableOutline\":\"false\",\"autoEnableThumbnail\":\"true\",\"overwritePDFOutline\":\"false\",\"direction\":\"1\",\"pageSize\":\"0\",\"source\":\"https:\\\/\\\/www.tevmot.org.tr\\\/wp-content\\\/uploads\\\/2020\\\/11\\\/Motor-Tahrikli-Sistemler.pdf\",\"wpOptions\":\"true\"}; if(window.DFLIP && window.DFLIP.parseBooks){window.DFLIP.parseBooks();}<\/script><div class=\"_df_thumb \" id=\"df_6469\"  books=\"dokumanlar\" limit=\"-1\" data-title=\"emsa-energy-audit-guide-for-motor-driven-systems-iea-4e\" _slug=\"emsa-energy-audit-guide-for-motor-driven-systems-iea-4e\" wpoptions=\"true\" thumb=\"https:\/\/www.tevmot.org.tr\/wp-content\/uploads\/2022\/10\/emsa_audit_guide_apr2018.jpg\" thumbtype=\"bg\" >EMSA Energy Audit Guide for Motor Driven Systems &#8211; IEA 4E<\/div><script class=\"df-shortcode-script\" type=\"application\/javascript\">window.option_df_6469 = {\"outline\":[],\"forceFit\":\"true\",\"autoEnableOutline\":\"false\",\"autoEnableThumbnail\":\"false\",\"overwritePDFOutline\":\"false\",\"direction\":\"1\",\"pageSize\":\"0\",\"source\":\"https:\\\/\\\/www.tevmot.org.tr\\\/wp-content\\\/uploads\\\/2022\\\/10\\\/emsa_audit_guide_apr2018.pdf\",\"wpOptions\":\"true\"}; if(window.DFLIP && window.DFLIP.parseBooks){window.DFLIP.parseBooks();}<\/script><\/div><\/p>\n<\/div>\n\t\t\t\t<\/div>\n\t\t\t\t<\/div>\n\t\t\t\t\t\t<\/div>\n\t\t\t\t\t<\/div>\n\t\t<\/div>\n\t\t\t\t\t\t\t\t<\/div>\n\t\t\t\t\t<\/div>\n\t\t<\/section>\n\t\t\t\t\t\t<\/div>\n\t\t\t\t\t\t<\/div>\n\t\t\t\t\t<\/div>\n\t\t","protected":false},"excerpt":{"rendered":"","protected":false},"author":1,"featured_media":0,"parent":0,"menu_order":0,"comment_status":"closed","ping_status":"closed","template":"elementor_header_footer","meta":{"spay_email":""},"yoast_head":"<!-- This site is optimized with the Yoast SEO plugin v18.3 - https:\/\/yoast.com\/wordpress\/plugins\/seo\/ -->\n<title>Documents - TEVMOT<\/title>\n<meta name=\"robots\" content=\"index, follow, max-snippet:-1, max-image-preview:large, max-video-preview:-1\" \/>\n<link rel=\"canonical\" href=\"https:\/\/www.tevmot.org.tr\/en\/documents\/\" \/>\n<meta property=\"og:locale\" content=\"en_US\" \/>\n<meta property=\"og:type\" content=\"article\" \/>\n<meta property=\"og:title\" content=\"Documents - TEVMOT\" \/>\n<meta property=\"og:url\" content=\"https:\/\/www.tevmot.org.tr\/en\/documents\/\" \/>\n<meta property=\"og:site_name\" content=\"TEVMOT\" \/>\n<meta property=\"article:modified_time\" content=\"2021-08-23T08:53:39+00:00\" \/>\n<meta property=\"og:image\" content=\"https:\/\/www.tevmot.org.tr\/wp-content\/uploads\/2022\/03\/tevmot-fb.jpg\" \/>\n\t<meta property=\"og:image:width\" content=\"1200\" \/>\n\t<meta property=\"og:image:height\" content=\"630\" \/>\n\t<meta property=\"og:image:type\" content=\"image\/jpeg\" \/>\n<meta name=\"twitter:card\" content=\"summary_large_image\" \/>\n<script type=\"application\/ld+json\" class=\"yoast-schema-graph\">{\"@context\":\"https:\/\/schema.org\",\"@graph\":[{\"@type\":\"WebSite\",\"@id\":\"https:\/\/www.tevmot.org.tr\/#website\",\"url\":\"https:\/\/www.tevmot.org.tr\/\",\"name\":\"TEVMOT\",\"description\":\"T\u00fcrkiye\u2019de Enerji Verimli Motorlar\u0131n Te\u015fvik Edilmesi Projesi\",\"potentialAction\":[{\"@type\":\"SearchAction\",\"target\":{\"@type\":\"EntryPoint\",\"urlTemplate\":\"https:\/\/www.tevmot.org.tr\/?s={search_term_string}\"},\"query-input\":\"required name=search_term_string\"}],\"inLanguage\":\"en-US\"},{\"@type\":\"WebPage\",\"@id\":\"https:\/\/www.tevmot.org.tr\/en\/documents\/#webpage\",\"url\":\"https:\/\/www.tevmot.org.tr\/en\/documents\/\",\"name\":\"Documents - TEVMOT\",\"isPartOf\":{\"@id\":\"https:\/\/www.tevmot.org.tr\/#website\"},\"datePublished\":\"2021-08-23T08:53:38+00:00\",\"dateModified\":\"2021-08-23T08:53:39+00:00\",\"breadcrumb\":{\"@id\":\"https:\/\/www.tevmot.org.tr\/en\/documents\/#breadcrumb\"},\"inLanguage\":\"en-US\",\"potentialAction\":[{\"@type\":\"ReadAction\",\"target\":[\"https:\/\/www.tevmot.org.tr\/en\/documents\/\"]}]},{\"@type\":\"BreadcrumbList\",\"@id\":\"https:\/\/www.tevmot.org.tr\/en\/documents\/#breadcrumb\",\"itemListElement\":[{\"@type\":\"ListItem\",\"position\":1,\"name\":\"Anasayfa\",\"item\":\"https:\/\/www.tevmot.org.tr\/\"},{\"@type\":\"ListItem\",\"position\":2,\"name\":\"Documents\"}]}]}<\/script>\n<!-- \/ Yoast SEO plugin. -->","yoast_head_json":{"title":"Documents - TEVMOT","robots":{"index":"index","follow":"follow","max-snippet":"max-snippet:-1","max-image-preview":"max-image-preview:large","max-video-preview":"max-video-preview:-1"},"canonical":"https:\/\/www.tevmot.org.tr\/en\/documents\/","og_locale":"en_US","og_type":"article","og_title":"Documents - TEVMOT","og_url":"https:\/\/www.tevmot.org.tr\/en\/documents\/","og_site_name":"TEVMOT","article_modified_time":"2021-08-23T08:53:39+00:00","og_image":[{"width":1200,"height":630,"url":"https:\/\/www.tevmot.org.tr\/wp-content\/uploads\/2022\/03\/tevmot-fb.jpg","type":"image\/jpeg"}],"twitter_card":"summary_large_image","schema":{"@context":"https:\/\/schema.org","@graph":[{"@type":"WebSite","@id":"https:\/\/www.tevmot.org.tr\/#website","url":"https:\/\/www.tevmot.org.tr\/","name":"TEVMOT","description":"T\u00fcrkiye\u2019de Enerji Verimli Motorlar\u0131n Te\u015fvik Edilmesi Projesi","potentialAction":[{"@type":"SearchAction","target":{"@type":"EntryPoint","urlTemplate":"https:\/\/www.tevmot.org.tr\/?s={search_term_string}"},"query-input":"required name=search_term_string"}],"inLanguage":"en-US"},{"@type":"WebPage","@id":"https:\/\/www.tevmot.org.tr\/en\/documents\/#webpage","url":"https:\/\/www.tevmot.org.tr\/en\/documents\/","name":"Documents - TEVMOT","isPartOf":{"@id":"https:\/\/www.tevmot.org.tr\/#website"},"datePublished":"2021-08-23T08:53:38+00:00","dateModified":"2021-08-23T08:53:39+00:00","breadcrumb":{"@id":"https:\/\/www.tevmot.org.tr\/en\/documents\/#breadcrumb"},"inLanguage":"en-US","potentialAction":[{"@type":"ReadAction","target":["https:\/\/www.tevmot.org.tr\/en\/documents\/"]}]},{"@type":"BreadcrumbList","@id":"https:\/\/www.tevmot.org.tr\/en\/documents\/#breadcrumb","itemListElement":[{"@type":"ListItem","position":1,"name":"Anasayfa","item":"https:\/\/www.tevmot.org.tr\/"},{"@type":"ListItem","position":2,"name":"Documents"}]}]}},"jetpack_shortlink":"https:\/\/wp.me\/PcAOJZ-1o7","_links":{"self":[{"href":"https:\/\/www.tevmot.org.tr\/en\/wp-json\/wp\/v2\/pages\/5339"}],"collection":[{"href":"https:\/\/www.tevmot.org.tr\/en\/wp-json\/wp\/v2\/pages"}],"about":[{"href":"https:\/\/www.tevmot.org.tr\/en\/wp-json\/wp\/v2\/types\/page"}],"author":[{"embeddable":true,"href":"https:\/\/www.tevmot.org.tr\/en\/wp-json\/wp\/v2\/users\/1"}],"replies":[{"embeddable":true,"href":"https:\/\/www.tevmot.org.tr\/en\/wp-json\/wp\/v2\/comments?post=5339"}],"version-history":[{"count":1,"href":"https:\/\/www.tevmot.org.tr\/en\/wp-json\/wp\/v2\/pages\/5339\/revisions"}],"predecessor-version":[{"id":5340,"href":"https:\/\/www.tevmot.org.tr\/en\/wp-json\/wp\/v2\/pages\/5339\/revisions\/5340"}],"wp:attachment":[{"href":"https:\/\/www.tevmot.org.tr\/en\/wp-json\/wp\/v2\/media?parent=5339"}],"curies":[{"name":"wp","href":"https:\/\/api.w.org\/{rel}","templated":true}]}}