{"id":5341,"date":"2021-08-23T11:54:21","date_gmt":"2021-08-23T08:54:21","guid":{"rendered":"https:\/\/www.tevmot.org.tr\/useful-links\/"},"modified":"2021-08-23T11:54:22","modified_gmt":"2021-08-23T08:54:22","slug":"useful-links","status":"publish","type":"page","link":"https:\/\/www.tevmot.org.tr\/en\/useful-links\/","title":{"rendered":"Useful Links"},"content":{"rendered":"\t\t<div data-elementor-type=\"wp-post\" data-elementor-id=\"5341\" class=\"elementor elementor-5341 elementor-2960\" data-elementor-settings=\"[]\">\n\t\t\t\t\t\t<div class=\"elementor-inner\">\n\t\t\t\t\t\t\t<div class=\"elementor-section-wrap\">\n\t\t\t\t\t\t\t<section class=\"elementor-section elementor-top-section elementor-element elementor-element-fab0763 elementor-section-boxed elementor-section-height-default elementor-section-height-default\" data-id=\"fab0763\" data-element_type=\"section\">\n\t\t\t\t\t\t<div class=\"elementor-container elementor-column-gap-default\">\n\t\t\t\t\t\t\t<div class=\"elementor-row\">\n\t\t\t\t\t<div class=\"elementor-column elementor-col-100 elementor-top-column elementor-element elementor-element-6de3c0b\" data-id=\"6de3c0b\" data-element_type=\"column\">\n\t\t\t<div class=\"elementor-column-wrap elementor-element-populated\">\n\t\t\t\t\t\t\t<div class=\"elementor-widget-wrap\">\n\t\t\t\t\t\t<div class=\"elementor-element elementor-element-a47be55 elementor-widget elementor-widget-toolset-view\" data-id=\"a47be55\" data-element_type=\"widget\" data-widget_type=\"toolset-view.default\">\n\t\t\t\t<div class=\"elementor-widget-container\">\n\t\t\t\n\n\n<div id=\"wpv-view-layout-3247\" class=\"js-wpv-view-layout js-wpv-layout-responsive js-wpv-view-layout-3247\" data-viewnumber=\"3247\" data-pagination=\"{&quot;id&quot;:3247,&quot;query&quot;:&quot;normal&quot;,&quot;type&quot;:&quot;disabled&quot;,&quot;effect&quot;:&quot;fade&quot;,&quot;duration&quot;:500,&quot;speed&quot;:5,&quot;pause_on_hover&quot;:&quot;disabled&quot;,&quot;stop_rollover&quot;:&quot;false&quot;,&quot;cache_pages&quot;:&quot;enabled&quot;,&quot;preload_images&quot;:&quot;enabled&quot;,&quot;preload_pages&quot;:&quot;enabled&quot;,&quot;preload_reach&quot;:1,&quot;spinner&quot;:&quot;builtin&quot;,&quot;spinner_image&quot;:&quot;https:\/\/www.tevmot.org.tr\/wp-content\/plugins\/wp-views\/embedded\/res\/img\/ajax-loader.gif&quot;,&quot;callback_next&quot;:&quot;&quot;,&quot;manage_history&quot;:&quot;enabled&quot;,&quot;has_controls_in_form&quot;:&quot;disabled&quot;,&quot;infinite_tolerance&quot;:&quot;0&quot;,&quot;max_pages&quot;:0,&quot;page&quot;:1,&quot;base_permalink&quot;:&quot;\/en\/wp-json\/wp\/v2\/pages\/5341?wpv_view_count=3247&amp;wpv_paged=WPV_PAGE_NUM&quot;,&quot;loop&quot;:{&quot;type&quot;:&quot;&quot;,&quot;name&quot;:&quot;&quot;,&quot;data&quot;:[],&quot;id&quot;:0}}\" data-permalink=\"\/en\/wp-json\/wp\/v2\/pages\/5341?wpv_view_count=3247\">\n\n    \n    \n\n\t<table width=\"100%\">\n\t\t<tbody class=\"wpv-loop js-wpv-loop\">\n\t\t\n\t\t\t<tr>\n\t\t\t\t<td><a class=\"linkfontlari\" href=\"https:\/\/www.sbb.gov.tr\/wp-content\/uploads\/2019\/07\/On-Birinci-Kalkinma-Plani.pdf\" target=\"_blank\" rel=\"noopener noreferrer\">Presidency of the Republic of Turkey, Presidency of Strategy and Budget, 11th Development Plan <i style=\"padding-bottom:3px;\" class=\"fa fa-external-link-alt\"><\/i><\/a><\/td>\n\t\t\t<\/tr>\n\t\t\n\t\t\t<tr>\n\t\t\t\t<td><a class=\"linkfontlari\" href=\"https:\/\/www.kosgeb.gov.tr\/Content\/Upload\/Dosya\/Mevzuat\/KOSGEB_Destek_Programlar%C4%B1_Yo%CC%88netmelig%CC%86i.pdf\" target=\"_blank\" rel=\"noopener noreferrer\">Regulation on KOSGEB Support Programmes (Official Gazette No.27612 dated 15.06.2010) <i style=\"padding-bottom:3px;\" class=\"fa fa-external-link-alt\"><\/i><\/a><\/td>\n\t\t\t<\/tr>\n\t\t\n\t\t\t<tr>\n\t\t\t\t<td><a class=\"linkfontlari\" href=\"https:\/\/www.resmigazete.gov.tr\/eskiler\/2012\/02\/20120207-11.htm\" target=\"_blank\" rel=\"noopener noreferrer\">Communiqu\u00e9 on Environmentally Sensitive Design Requirements for Electric Motors <i style=\"padding-bottom:3px;\" class=\"fa fa-external-link-alt\"><\/i><\/a><\/td>\n\t\t\t<\/tr>\n\t\t\n\t\t\t<tr>\n\t\t\t\t<td><a class=\"linkfontlari\" href=\"https:\/\/www.resmigazete.gov.tr\/eskiler\/2010\/10\/20101007-7.htm\" target=\"_blank\" rel=\"noopener noreferrer\">Regulation on the Eco-design of Energy related Products <i style=\"padding-bottom:3px;\" class=\"fa fa-external-link-alt\"><\/i><\/a><\/td>\n\t\t\t<\/tr>\n\t\t\n\t\t\t<tr>\n\t\t\t\t<td><a class=\"linkfontlari\" href=\"https:\/\/enerjiapi.etkb.gov.tr\/\/Media\/Dizin\/EVCED\/Raporlar\/Ulusal%20Enerji%20Verimlili%C4%9Fi%20Eylem%20Plan%C4%B1\/20180102M1_2018.pdf\" target=\"_blank\" rel=\"noopener noreferrer\">National Energy Efficiency Action Plan 2017\u20132023 <i style=\"padding-bottom:3px;\" class=\"fa fa-external-link-alt\"><\/i><\/a><\/td>\n\t\t\t<\/tr>\n\t\t\n\t\t\t<tr>\n\t\t\t\t<td><a class=\"linkfontlari\" href=\"https:\/\/www.resmigazete.gov.tr\/eskiler\/2012\/02\/20120225-7.htm\" target=\"_blank\" rel=\"noopener noreferrer\">Energy Efficiency Strategy Document 2012\u20132023 <i style=\"padding-bottom:3px;\" class=\"fa fa-external-link-alt\"><\/i><\/a><\/td>\n\t\t\t<\/tr>\n\t\t\n\t\t\t<tr>\n\t\t\t\t<td><a class=\"linkfontlari\" href=\"https:\/\/www.resmigazete.gov.tr\/eskiler\/2015\/03\/20150313-6.htm\" target=\"_blank\" rel=\"noopener noreferrer\">Communiqu\u00e9 (SGM-2015\/15) Amending the Communiqu\u00e9 (SGM-2012\/2) on Environmentally Sensitive Design Requirements for Electric Moto <i style=\"padding-bottom:3px;\" class=\"fa fa-external-link-alt\"><\/i><\/a><\/td>\n\t\t\t<\/tr>\n\t\t\n\t\t\t<tr>\n\t\t\t\t<td><a class=\"linkfontlari\" href=\"https:\/\/sp.enerji.gov.tr\/\" target=\"_blank\" rel=\"noopener noreferrer\">Ministry of Energy and Natural Resources of the Republic of Turkey, Strategic Plan 2019-2023 <i style=\"padding-bottom:3px;\" class=\"fa fa-external-link-alt\"><\/i><\/a><\/td>\n\t\t\t<\/tr>\n\t\t\n\t\t\t<tr>\n\t\t\t\t<td><a class=\"linkfontlari\" href=\"https:\/\/www.resmigazete.gov.tr\/eskiler\/2007\/05\/20070502-2.htm\" target=\"_blank\" rel=\"noopener noreferrer\">Energy Efficiency Law No.5627 <i style=\"padding-bottom:3px;\" class=\"fa fa-external-link-alt\"><\/i><\/a><\/td>\n\t\t\t<\/tr>\n\t\t\n\t\t\t<tr>\n\t\t\t\t<td><a class=\"linkfontlari\" href=\"https:\/\/www.sbb.gov.tr\/wp-content\/uploads\/2018\/11\/Onuncu-Kalk%C4%B1nma-Plan%C4%B1-2014-2018.pdf\" target=\"_blank\" rel=\"noopener noreferrer\">Presidency of the Republic of Turkey, Presidency of Strategy and Budget, 10th Development Plan <i style=\"padding-bottom:3px;\" class=\"fa fa-external-link-alt\"><\/i><\/a><\/td>\n\t\t\t<\/tr>\n\t\t\n\t\t<\/tbody>\n\t<\/table>\n\n    \n    \n<\/div>\t\t<\/div>\n\t\t\t\t<\/div>\n\t\t\t\t\t\t<\/div>\n\t\t\t\t\t<\/div>\n\t\t<\/div>\n\t\t\t\t\t\t\t\t<\/div>\n\t\t\t\t\t<\/div>\n\t\t<\/section>\n\t\t\t\t\t\t<\/div>\n\t\t\t\t\t\t<\/div>\n\t\t\t\t\t<\/div>\n\t\t","protected":false},"excerpt":{"rendered":"<p>KOSGEB Destek Programlar\u0131 Y\u00f6netmeli\u011fi (15.06.2010 tarih ve 27612 say\u0131l\u0131 Resmi Gazete) Elektrik Motorlar\u0131 \u0130le \u0130lgili \u00c7evreye Duyarl\u0131 Tasar\u0131m&#8230;<\/p>\n","protected":false},"author":1,"featured_media":0,"parent":0,"menu_order":0,"comment_status":"closed","ping_status":"closed","template":"elementor_header_footer","meta":{"spay_email":""},"yoast_head":"<!-- This site is optimized with the Yoast SEO plugin v18.3 - https:\/\/yoast.com\/wordpress\/plugins\/seo\/ -->\n<title>Useful Links - TEVMOT<\/title>\n<meta name=\"robots\" content=\"index, follow, max-snippet:-1, max-image-preview:large, max-video-preview:-1\" \/>\n<link rel=\"canonical\" href=\"https:\/\/www.tevmot.org.tr\/en\/useful-links\/\" \/>\n<meta property=\"og:locale\" content=\"en_US\" \/>\n<meta property=\"og:type\" content=\"article\" \/>\n<meta property=\"og:title\" content=\"Useful Links - TEVMOT\" \/>\n<meta property=\"og:description\" content=\"KOSGEB Destek Programlar\u0131 Y\u00f6netmeli\u011fi (15.06.2010 tarih ve 27612 say\u0131l\u0131 Resmi Gazete) Elektrik Motorlar\u0131 \u0130le \u0130lgili \u00c7evreye Duyarl\u0131 Tasar\u0131m...\" \/>\n<meta property=\"og:url\" content=\"https:\/\/www.tevmot.org.tr\/en\/useful-links\/\" \/>\n<meta property=\"og:site_name\" content=\"TEVMOT\" \/>\n<meta property=\"article:modified_time\" content=\"2021-08-23T08:54:22+00:00\" \/>\n<meta property=\"og:image\" content=\"https:\/\/www.tevmot.org.tr\/wp-content\/uploads\/2022\/03\/tevmot-fb.jpg\" \/>\n\t<meta property=\"og:image:width\" content=\"1200\" \/>\n\t<meta property=\"og:image:height\" content=\"630\" \/>\n\t<meta property=\"og:image:type\" content=\"image\/jpeg\" \/>\n<meta name=\"twitter:card\" content=\"summary_large_image\" \/>\n<meta name=\"twitter:label1\" content=\"Est. reading time\" \/>\n\t<meta name=\"twitter:data1\" content=\"1 minute\" \/>\n<script type=\"application\/ld+json\" class=\"yoast-schema-graph\">{\"@context\":\"https:\/\/schema.org\",\"@graph\":[{\"@type\":\"WebSite\",\"@id\":\"https:\/\/www.tevmot.org.tr\/#website\",\"url\":\"https:\/\/www.tevmot.org.tr\/\",\"name\":\"TEVMOT\",\"description\":\"T\u00fcrkiye\u2019de Enerji Verimli Motorlar\u0131n Te\u015fvik Edilmesi Projesi\",\"potentialAction\":[{\"@type\":\"SearchAction\",\"target\":{\"@type\":\"EntryPoint\",\"urlTemplate\":\"https:\/\/www.tevmot.org.tr\/?s={search_term_string}\"},\"query-input\":\"required name=search_term_string\"}],\"inLanguage\":\"en-US\"},{\"@type\":\"WebPage\",\"@id\":\"https:\/\/www.tevmot.org.tr\/en\/useful-links\/#webpage\",\"url\":\"https:\/\/www.tevmot.org.tr\/en\/useful-links\/\",\"name\":\"Useful Links - TEVMOT\",\"isPartOf\":{\"@id\":\"https:\/\/www.tevmot.org.tr\/#website\"},\"datePublished\":\"2021-08-23T08:54:21+00:00\",\"dateModified\":\"2021-08-23T08:54:22+00:00\",\"breadcrumb\":{\"@id\":\"https:\/\/www.tevmot.org.tr\/en\/useful-links\/#breadcrumb\"},\"inLanguage\":\"en-US\",\"potentialAction\":[{\"@type\":\"ReadAction\",\"target\":[\"https:\/\/www.tevmot.org.tr\/en\/useful-links\/\"]}]},{\"@type\":\"BreadcrumbList\",\"@id\":\"https:\/\/www.tevmot.org.tr\/en\/useful-links\/#breadcrumb\",\"itemListElement\":[{\"@type\":\"ListItem\",\"position\":1,\"name\":\"Anasayfa\",\"item\":\"https:\/\/www.tevmot.org.tr\/\"},{\"@type\":\"ListItem\",\"position\":2,\"name\":\"Useful Links\"}]}]}<\/script>\n<!-- \/ Yoast SEO plugin. -->","yoast_head_json":{"title":"Useful Links - TEVMOT","robots":{"index":"index","follow":"follow","max-snippet":"max-snippet:-1","max-image-preview":"max-image-preview:large","max-video-preview":"max-video-preview:-1"},"canonical":"https:\/\/www.tevmot.org.tr\/en\/useful-links\/","og_locale":"en_US","og_type":"article","og_title":"Useful Links - TEVMOT","og_description":"KOSGEB Destek Programlar\u0131 Y\u00f6netmeli\u011fi (15.06.2010 tarih ve 27612 say\u0131l\u0131 Resmi Gazete) Elektrik Motorlar\u0131 \u0130le \u0130lgili \u00c7evreye Duyarl\u0131 Tasar\u0131m...","og_url":"https:\/\/www.tevmot.org.tr\/en\/useful-links\/","og_site_name":"TEVMOT","article_modified_time":"2021-08-23T08:54:22+00:00","og_image":[{"width":1200,"height":630,"url":"https:\/\/www.tevmot.org.tr\/wp-content\/uploads\/2022\/03\/tevmot-fb.jpg","type":"image\/jpeg"}],"twitter_card":"summary_large_image","twitter_misc":{"Est. reading time":"1 minute"},"schema":{"@context":"https:\/\/schema.org","@graph":[{"@type":"WebSite","@id":"https:\/\/www.tevmot.org.tr\/#website","url":"https:\/\/www.tevmot.org.tr\/","name":"TEVMOT","description":"T\u00fcrkiye\u2019de Enerji Verimli Motorlar\u0131n Te\u015fvik Edilmesi Projesi","potentialAction":[{"@type":"SearchAction","target":{"@type":"EntryPoint","urlTemplate":"https:\/\/www.tevmot.org.tr\/?s={search_term_string}"},"query-input":"required name=search_term_string"}],"inLanguage":"en-US"},{"@type":"WebPage","@id":"https:\/\/www.tevmot.org.tr\/en\/useful-links\/#webpage","url":"https:\/\/www.tevmot.org.tr\/en\/useful-links\/","name":"Useful Links - TEVMOT","isPartOf":{"@id":"https:\/\/www.tevmot.org.tr\/#website"},"datePublished":"2021-08-23T08:54:21+00:00","dateModified":"2021-08-23T08:54:22+00:00","breadcrumb":{"@id":"https:\/\/www.tevmot.org.tr\/en\/useful-links\/#breadcrumb"},"inLanguage":"en-US","potentialAction":[{"@type":"ReadAction","target":["https:\/\/www.tevmot.org.tr\/en\/useful-links\/"]}]},{"@type":"BreadcrumbList","@id":"https:\/\/www.tevmot.org.tr\/en\/useful-links\/#breadcrumb","itemListElement":[{"@type":"ListItem","position":1,"name":"Anasayfa","item":"https:\/\/www.tevmot.org.tr\/"},{"@type":"ListItem","position":2,"name":"Useful Links"}]}]}},"jetpack_shortlink":"https:\/\/wp.me\/PcAOJZ-1o9","_links":{"self":[{"href":"https:\/\/www.tevmot.org.tr\/en\/wp-json\/wp\/v2\/pages\/5341"}],"collection":[{"href":"https:\/\/www.tevmot.org.tr\/en\/wp-json\/wp\/v2\/pages"}],"about":[{"href":"https:\/\/www.tevmot.org.tr\/en\/wp-json\/wp\/v2\/types\/page"}],"author":[{"embeddable":true,"href":"https:\/\/www.tevmot.org.tr\/en\/wp-json\/wp\/v2\/users\/1"}],"replies":[{"embeddable":true,"href":"https:\/\/www.tevmot.org.tr\/en\/wp-json\/wp\/v2\/comments?post=5341"}],"version-history":[{"count":1,"href":"https:\/\/www.tevmot.org.tr\/en\/wp-json\/wp\/v2\/pages\/5341\/revisions"}],"predecessor-version":[{"id":5342,"href":"https:\/\/www.tevmot.org.tr\/en\/wp-json\/wp\/v2\/pages\/5341\/revisions\/5342"}],"wp:attachment":[{"href":"https:\/\/www.tevmot.org.tr\/en\/wp-json\/wp\/v2\/media?parent=5341"}],"curies":[{"name":"wp","href":"https:\/\/api.w.org\/{rel}","templated":true}]}}