{"id":5346,"date":"2021-08-23T11:55:28","date_gmt":"2021-08-23T08:55:28","guid":{"rendered":"https:\/\/www.tevmot.org.tr\/tevmot-in-the-press\/"},"modified":"2021-08-23T11:55:28","modified_gmt":"2021-08-23T08:55:28","slug":"tevmot-in-the-press","status":"publish","type":"page","link":"https:\/\/www.tevmot.org.tr\/en\/tevmot-in-the-press\/","title":{"rendered":"TEVMOT in the Press"},"content":{"rendered":"\t\t<div data-elementor-type=\"wp-post\" data-elementor-id=\"5346\" class=\"elementor elementor-5346 elementor-3058\" data-elementor-settings=\"[]\">\n\t\t\t\t\t\t<div class=\"elementor-inner\">\n\t\t\t\t\t\t\t<div class=\"elementor-section-wrap\">\n\t\t\t\t\t\t\t<section class=\"elementor-section elementor-top-section elementor-element elementor-element-fab0763 elementor-section-height-min-height elementor-section-boxed elementor-section-height-default elementor-section-items-middle\" data-id=\"fab0763\" data-element_type=\"section\">\n\t\t\t\t\t\t<div class=\"elementor-container elementor-column-gap-default\">\n\t\t\t\t\t\t\t<div class=\"elementor-row\">\n\t\t\t\t\t<div class=\"elementor-column elementor-col-100 elementor-top-column elementor-element elementor-element-6de3c0b\" data-id=\"6de3c0b\" data-element_type=\"column\">\n\t\t\t<div class=\"elementor-column-wrap elementor-element-populated\">\n\t\t\t\t\t\t\t<div class=\"elementor-widget-wrap\">\n\t\t\t\t\t\t<div class=\"elementor-element elementor-element-930638f elementor-widget elementor-widget-toolset-view\" data-id=\"930638f\" data-element_type=\"widget\" data-widget_type=\"toolset-view.default\">\n\t\t\t\t<div class=\"elementor-widget-container\">\n\t\t\t\n\n\n<div id=\"wpv-view-layout-3572\" class=\"js-wpv-view-layout js-wpv-layout-responsive js-wpv-view-layout-3572\" data-viewnumber=\"3572\" data-pagination=\"{&quot;id&quot;:3572,&quot;query&quot;:&quot;normal&quot;,&quot;type&quot;:&quot;disabled&quot;,&quot;effect&quot;:&quot;fade&quot;,&quot;duration&quot;:500,&quot;speed&quot;:5,&quot;pause_on_hover&quot;:&quot;disabled&quot;,&quot;stop_rollover&quot;:&quot;false&quot;,&quot;cache_pages&quot;:&quot;enabled&quot;,&quot;preload_images&quot;:&quot;enabled&quot;,&quot;preload_pages&quot;:&quot;enabled&quot;,&quot;preload_reach&quot;:1,&quot;spinner&quot;:&quot;builtin&quot;,&quot;spinner_image&quot;:&quot;https:\/\/www.tevmot.org.tr\/wp-content\/plugins\/wp-views\/embedded\/res\/img\/ajax-loader.gif&quot;,&quot;callback_next&quot;:&quot;&quot;,&quot;manage_history&quot;:&quot;enabled&quot;,&quot;has_controls_in_form&quot;:&quot;disabled&quot;,&quot;infinite_tolerance&quot;:&quot;0&quot;,&quot;max_pages&quot;:0,&quot;page&quot;:1,&quot;base_permalink&quot;:&quot;\/en\/wp-json\/wp\/v2\/pages\/5346?wpv_view_count=3572&amp;wpv_paged=WPV_PAGE_NUM&quot;,&quot;loop&quot;:{&quot;type&quot;:&quot;&quot;,&quot;name&quot;:&quot;&quot;,&quot;data&quot;:[],&quot;id&quot;:0}}\" data-permalink=\"\/en\/wp-json\/wp\/v2\/pages\/5346?wpv_view_count=3572\">\n\n    \n    \n\n\t<table width=\"100%\">\n\t\t<tbody class=\"wpv-loop js-wpv-loop\">\n\t\t\n\t\t\t<tr>\n\t\t\t\t<td><a class=\"linkfontlari\" href=\"https:\/\/www.kobi-efor.com.tr\/kapak\/kobiefor-ve-gaziantep-sanayi-odasi-isbirligiylesektorden-sektore-h15394.html\" target=\"_blank\" rel=\"noopener noreferrer\">KobiEfor ve Gaziantep Sanayi Odas\u0131 i\u015fbirli\u011fiyle; \u201cSekt\u00f6rden Sekt\u00f6re \u00c7\u00f6z\u00fcmler ve F\u0131rsatlar\u201d <i style=\"padding-bottom:3px;\" class=\"fa fa-external-link-alt\"><\/i><\/a>\n<font style=\"font-weight: bold; color: #0c7397;\">KobiEfor<\/font> <em>, 10 October 2022<\/em><\/td>\n\t\t\t<\/tr>\n\t\t\n\t\t\t<tr>\n\t\t\t\t<td><a class=\"linkfontlari\" href=\"https:\/\/www.unep.org\/news-and-stories\/story\/fuel-prices-rise-companies-look-energy-efficient-solutions\" target=\"_blank\" rel=\"noopener noreferrer\">As fuel prices rise, companies look to energy efficient solutions <i style=\"padding-bottom:3px;\" class=\"fa fa-external-link-alt\"><\/i><\/a>\n<font style=\"font-weight: bold; color: #0c7397;\">UNEP<\/font> <em>, 4 August 2022<\/em><\/td>\n\t\t\t<\/tr>\n\t\t\n\t\t\t<tr>\n\t\t\t\t<td><a class=\"linkfontlari\" href=\"https:\/\/united4efficiency.org\/project-promoting-energy-efficient-motors-in-turkiye-reaps-rewards-for-small-and-medium-sized-enterprises\/\" target=\"_blank\" rel=\"noopener noreferrer\">Project Promoting Energy-Efficient Motors in T\u00fcrkiye Reaps Rewards for Small and Medium Sized Enterprises <i style=\"padding-bottom:3px;\" class=\"fa fa-external-link-alt\"><\/i><\/a>\n<font style=\"font-weight: bold; color: #0c7397;\">U4E<\/font> <em>, 9 June 2022<\/em><\/td>\n\t\t\t<\/tr>\n\t\t\n\t\t\t<tr>\n\t\t\t\t<td><a class=\"linkfontlari\" href=\"https:\/\/www.undp.org\/blog\/building-energy-resilience-times-crisis\" target=\"_blank\" rel=\"noopener noreferrer\">Building energy resilience in times of crisis <i style=\"padding-bottom:3px;\" class=\"fa fa-external-link-alt\"><\/i><\/a>\n<font style=\"font-weight: bold; color: #0c7397;\">Jana Koperniech, UNDP<\/font> <em>, 9 June 2022<\/em><\/td>\n\t\t\t<\/tr>\n\t\t\n\t\t\t<tr>\n\t\t\t\t<td><a class=\"linkfontlari\" href=\"https:\/\/www.star.com.tr\/guncel\/sanayi-bakanligi-harekete-gecti-elektrik-giderleri-yuzde-25-azaldi-haber-1633375\/\" target=\"_blank\" rel=\"noopener noreferrer\">Sanayi Bakanl\u0131\u011f\u0131 harekete ge\u00e7ti: Elektrik giderleri y\u00fczde 25 azald\u0131 <i style=\"padding-bottom:3px;\" class=\"fa fa-external-link-alt\"><\/i><\/a>\n<font style=\"font-weight: bold; color: #0c7397;\">Star Gazetesi<\/font> <em>, 4 June 2021<\/em><\/td>\n\t\t\t<\/tr>\n\t\t\n\t\t\t<tr>\n\t\t\t\t<td><a class=\"linkfontlari\" href=\"https:\/\/sanayi.gov.tr\/merkez-birimi\/92d9c73bddbb\/duyurular\/anahtar-dergisi-ocak-sayisi-yayimlandi1\" target=\"_blank\" rel=\"noopener noreferrer\">TEVMOT projesi kapsam\u0131nda y\u00fcksek verimli motor d\u00f6n\u00fc\u015f\u00fcmleri ba\u015flad\u0131 <i style=\"padding-bottom:3px;\" class=\"fa fa-external-link-alt\"><\/i><\/a>\n<font style=\"font-weight: bold; color: #0c7397;\">Anahtar Dergisi<\/font> <em>, 19 January 2021<\/em><\/td>\n\t\t\t<\/tr>\n\t\t\n\t\t\t<tr>\n\t\t\t\t<td><a class=\"linkfontlari\" href=\"http:\/\/emosad.org\/sektorel-bilgi-SANAYIDE-DUSUK-VERIMLI-ELEKTRIK-MOTORLARININ-DONUSUMU-PROGRAMI.html\" target=\"_blank\" rel=\"noopener noreferrer\">Sanayide d\u00fc\u015f\u00fck verimli elektrik motorlar\u0131n\u0131n d\u00f6n\u00fc\u015f\u00fcm\u00fc program\u0131 <i style=\"padding-bottom:3px;\" class=\"fa fa-external-link-alt\"><\/i><\/a>\n<font style=\"font-weight: bold; color: #0c7397;\">EMOSAD<\/font> <em>, 19 January 2021<\/em><\/td>\n\t\t\t<\/tr>\n\t\t\n\t\t\t<tr>\n\t\t\t\t<td><a class=\"linkfontlari\" href=\"http:\/\/emosad.org\/sektorel-bilgi-Dunyada-Enerji-Verimliligi-Gelismelerine-ve-Elektrik-Motorlarinin-Durumuna-Kisa-Bir-Bakis.html\" target=\"_blank\" rel=\"noopener noreferrer\">D\u00fcnyada enerji verimlili\u011fi geli\u015fmelerine ve elektrik motorlar\u0131n\u0131n durumuna k\u0131sa bir bak\u0131\u015f <i style=\"padding-bottom:3px;\" class=\"fa fa-external-link-alt\"><\/i><\/a>\n<font style=\"font-weight: bold; color: #0c7397;\">EMOSAD<\/font> <em>, 19 January 2021<\/em><\/td>\n\t\t\t<\/tr>\n\t\t\n\t\t\t<tr>\n\t\t\t\t<td><a class=\"linkfontlari\" href=\"https:\/\/anahtar.sanayi.gov.tr\/tr\/archive\/2020\/Aral\u0131k\" target=\"_blank\" rel=\"noopener noreferrer\">TEVMOT, Anahtar Dergisinin Aral\u0131k Say\u0131s\u0131nda <i style=\"padding-bottom:3px;\" class=\"fa fa-external-link-alt\"><\/i><\/a>\n<font style=\"font-weight: bold; color: #0c7397;\">Anahtar Dergisi<\/font> <em>, 16 December 2020<\/em><\/td>\n\t\t\t<\/tr>\n\t\t\n\t\t\t<tr>\n\t\t\t\t<td><a class=\"linkfontlari\" href=\"http:\/\/online.anyflip.com\/qlbc\/tfcs\/mobile\/index.html\" target=\"_blank\" rel=\"noopener noreferrer\">TEVMOT, KOSB\u0130 Akt\u00fcel Dergisinin Aral\u0131k Say\u0131s\u0131nda <i style=\"padding-bottom:3px;\" class=\"fa fa-external-link-alt\"><\/i><\/a>\n<font style=\"font-weight: bold; color: #0c7397;\">Kosbi Akt\u00fcel Dergi<\/font> <em>, 1 December 2020<\/em><\/td>\n\t\t\t<\/tr>\n\t\t\n\t\t\t<tr>\n\t\t\t\t<td><a class=\"linkfontlari\" href=\"https:\/\/www.sanayigazetesi.com.tr\/sanayi\/tevmot-ile-maliyetler-dusecek-h21594.html\" target=\"_blank\" rel=\"noopener noreferrer\">TEVMOT ile maliyetler d\u00fc\u015fecek <i style=\"padding-bottom:3px;\" class=\"fa fa-external-link-alt\"><\/i><\/a>\n<font style=\"font-weight: bold; color: #0c7397;\">Organize Sanayi B\u00f6lgeleri<\/font> <em>, 6 March 2020<\/em><\/td>\n\t\t\t<\/tr>\n\t\t\n\t\t\t<tr>\n\t\t\t\t<td><a class=\"linkfontlari\" href=\"https:\/\/anahtar.sanayi.gov.tr\/tr\/News\/turkiyede-kobilerde-enerji-verimli-motorlarin-tesvik-edilmesi-projesi-2017-2022-tevmot\/10007\" target=\"_blank\" rel=\"noopener noreferrer\">T\u00fcrkiye\u2019de Kobi\u2019lerde Enerji Verimli Motorlar\u0131n Te\u015fvik Edilmesi Projesi 2017- 2022 <i style=\"padding-bottom:3px;\" class=\"fa fa-external-link-alt\"><\/i><\/a>\n<font style=\"font-weight: bold; color: #0c7397;\">Anahtar Dergisi<\/font> <em>, 1 March 2020<\/em><\/td>\n\t\t\t<\/tr>\n\t\t\n\t\t\t<tr>\n\t\t\t\t<td><a class=\"linkfontlari\" href=\"http:\/\/bosb.org.tr\/bosb-haber-151-bursa_osbden_enerji_verimliginde_onemli_adim.html\" target=\"_blank\" rel=\"noopener noreferrer\">TEVMOT bilgilendirme toplant\u0131s\u0131 Bursa OSB\u2019de yap\u0131ld\u0131 <i style=\"padding-bottom:3px;\" class=\"fa fa-external-link-alt\"><\/i><\/a>\n<font style=\"font-weight: bold; color: #0c7397;\">Organize Sanayi B\u00f6lgeleri<\/font> <em>, 25 February 2020<\/em><\/td>\n\t\t\t<\/tr>\n\t\t\n\t\t\t<tr>\n\t\t\t\t<td><a class=\"linkfontlari\" href=\"https:\/\/www.gosb.com.tr\/haberler\/tevmot-projesi-bilgilendirme-toplantisi-gosbda-yapildi\" target=\"_blank\" rel=\"noopener noreferrer\">TEVMOT projesi bilgilendirme toplant\u0131s\u0131 GOSB\u2019da yap\u0131ld\u0131 <i style=\"padding-bottom:3px;\" class=\"fa fa-external-link-alt\"><\/i><\/a>\n<font style=\"font-weight: bold; color: #0c7397;\">Organize Sanayi B\u00f6lgeleri<\/font> <em>, 19 February 2020<\/em><\/td>\n\t\t\t<\/tr>\n\t\t\n\t\t\t<tr>\n\t\t\t\t<td><a class=\"linkfontlari\" href=\"https:\/\/uosb.org.tr\/haberler\/tevmot-projesi-toplantisi\/\" target=\"_blank\" rel=\"noopener noreferrer\">T\u00fcrkiye\u2019de Enerji Verimli Motorlar\u0131n Te\u015fvik Edilmesi Projesi Toplant\u0131s\u0131 <i style=\"padding-bottom:3px;\" class=\"fa fa-external-link-alt\"><\/i><\/a>\n<font style=\"font-weight: bold; color: #0c7397;\">Organize Sanayi B\u00f6lgeleri<\/font> <em>, 1 February 2020<\/em><\/td>\n\t\t\t<\/tr>\n\t\t\n\t\t\t<tr>\n\t\t\t\t<td><a class=\"linkfontlari\" href=\"https:\/\/anahtar.sanayi.gov.tr\/tr\/News\/kobilerde-enerji-verimli-elektrik-motorlarinin-kullaniminin-tesvik-edilmesi-projesi-tevmot-metodoloji-calistayi-gerceklestirildi\/9963\" target=\"_blank\" rel=\"noopener noreferrer\">\u201cKOB\u0130\u2019lerde Enerji Verimli Elektrik Motorlar\u0131n\u0131n Kullan\u0131m\u0131n\u0131n Te\u015fvik Edilmesi Projesi-TEVMOT\u201d Metodoloji \u00c7al\u0131\u015ftay\u0131 Ger\u00e7ekle\u015ftirildi <i style=\"padding-bottom:3px;\" class=\"fa fa-external-link-alt\"><\/i><\/a>\n<font style=\"font-weight: bold; color: #0c7397;\">Anahtar Dergisi<\/font> <em>, 1 December 2019<\/em><\/td>\n\t\t\t<\/tr>\n\t\t\n\t\t\t<tr>\n\t\t\t\t<td><a class=\"linkfontlari\" href=\"https:\/\/www.tr.undp.org\/content\/turkey\/en\/home\/presscenter\/articles\/2019\/03\/enerji-verimli-motor-kullan--enerjine-sahip-ck-.html\" target=\"_blank\" rel=\"noopener noreferrer\">Use Energy-Efficient Motors Stand Up for Your Energy! <i style=\"padding-bottom:3px;\" class=\"fa fa-external-link-alt\"><\/i><\/a>\n<font style=\"font-weight: bold; color: #0c7397;\">UNDP<\/font> <em>, 5 March 2019<\/em><\/td>\n\t\t\t<\/tr>\n\t\t\n\t\t\t<tr>\n\t\t\t\t<td><a class=\"linkfontlari\" href=\"http:\/\/anahtar.sanayi.gov.tr\/tr\/News\/enerji-verimli-motor-kullan-enerjine-sahip-cik\/9826\" target=\"_blank\" rel=\"noopener noreferrer\">Enerji Verimli Motor Kullan, Enerjine Sahip \u00c7\u0131k! <i style=\"padding-bottom:3px;\" class=\"fa fa-external-link-alt\"><\/i><\/a>\n<font style=\"font-weight: bold; color: #0c7397;\">Anahtar Dergisi<\/font> <em>, 1 March 2019<\/em><\/td>\n\t\t\t<\/tr>\n\t\t\n\t\t\t<tr>\n\t\t\t\t<td><a class=\"linkfontlari\" href=\"https:\/\/anahtar.sanayi.gov.tr\/tr\/news\/tevmot-projesi-uluslararasi-motor-zirvesine-katilim-sagladi\/9787\" target=\"_blank\" rel=\"noopener noreferrer\">TEVMOT Projesi Uluslararas\u0131 Motor Zirvesine Kat\u0131l\u0131m Sa\u011flad\u0131 <i style=\"padding-bottom:3px;\" class=\"fa fa-external-link-alt\"><\/i><\/a>\n<font style=\"font-weight: bold; color: #0c7397;\">Anahtar Dergisi<\/font> <em>, 1 December 2018<\/em><\/td>\n\t\t\t<\/tr>\n\t\t\n\t\t\t<tr>\n\t\t\t\t<td><a class=\"linkfontlari\" href=\"http:\/\/emosad.org\/haber-detay-TEVMOT-Projesi-Uluslararasi-Motor-Zirvesine-Katilim-Sagladi.html\" target=\"_blank\" rel=\"noopener noreferrer\">TEVMOT Projesi Uluslararas\u0131 Motor Zirvesine Kat\u0131l\u0131m Sa\u011flad\u0131 <i style=\"padding-bottom:3px;\" class=\"fa fa-external-link-alt\"><\/i><\/a>\n<font style=\"font-weight: bold; color: #0c7397;\">EMOSAD<\/font> <em>, 1 December 2018<\/em><\/td>\n\t\t\t<\/tr>\n\t\t\n\t\t\t<tr>\n\t\t\t\t<td><a class=\"linkfontlari\" href=\"http:\/\/anahtar.sanayi.gov.tr\/tr\/news\/birlesmis-milletler-cevre-programi-verimlilik-icin-birlik-girisimi-united-for-efficiency-initiative-ve-tevmot-projesi-toplantilari-28-29-mayis-tarihlerinde-ankarada-gerceklestirildi\/9692\" target=\"_blank\" rel=\"noopener noreferrer\">Birle\u015fmi\u015f Milletler \u00c7evre Program\u0131 Verimlilik i\u00e7in Birlik Giri\u015fimi (United for Efficiency Initiative) ve TEVMOT Projesi Toplant\u0131lar\u0131 28-29 May\u0131s tarihlerinde Ankara\u2019da ger\u00e7ekle\u015ftirildi <i style=\"padding-bottom:3px;\" class=\"fa fa-external-link-alt\"><\/i><\/a>\n<font style=\"font-weight: bold; color: #0c7397;\">Anahtar Dergisi<\/font> <em>, 1 July 2018<\/em><\/td>\n\t\t\t<\/tr>\n\t\t\n\t\t\t<tr>\n\t\t\t\t<td><a class=\"linkfontlari\" href=\"https:\/\/united4efficiency.org\/turkey-supports-smes-in-using-efficient-motors\/\" target=\"_blank\" rel=\"noopener noreferrer\">Turkey supports smes in using efficient motors <i style=\"padding-bottom:3px;\" class=\"fa fa-external-link-alt\"><\/i><\/a>\n<font style=\"font-weight: bold; color: #0c7397;\">U4E<\/font> <em>, 28 March 2018<\/em><\/td>\n\t\t\t<\/tr>\n\t\t\n\t\t\t<tr>\n\t\t\t\t<td><a class=\"linkfontlari\" href=\"https:\/\/www.tr.undp.org\/content\/turkey\/en\/home\/presscenter\/articles\/2018\/01\/project-paces-up-to-increase-use-of-energy-efficient-motors-at-s.html\" target=\"_blank\" rel=\"noopener noreferrer\">Project paces up to increase use of \u201cEnergy Efficient Motors at SMEs\u201d, Jan 1, 2018 <i style=\"padding-bottom:3px;\" class=\"fa fa-external-link-alt\"><\/i><\/a>\n<font style=\"font-weight: bold; color: #0c7397;\">UNDP<\/font> <em>, 1 January 2018<\/em><\/td>\n\t\t\t<\/tr>\n\t\t\n\t\t\t<tr>\n\t\t\t\t<td><a class=\"linkfontlari\" href=\"https:\/\/www.tr.undp.org\/content\/turkey\/tr\/home\/presscenter\/articles\/2018\/01\/project-paces-up-to-increase-use-of-energy-efficient-motors-at-s.html\" target=\"_blank\" rel=\"noopener noreferrer\">KOB\u0130\u2019lerde Enerji Verimli Motor kullan\u0131m\u0131n\u0131 art\u0131racak projenin ad\u0131mlar\u0131 h\u0131zlan\u0131yor <i style=\"padding-bottom:3px;\" class=\"fa fa-external-link-alt\"><\/i><\/a>\n<font style=\"font-weight: bold; color: #0c7397;\">UNDP<\/font> <em>, 1 January 2018<\/em><\/td>\n\t\t\t<\/tr>\n\t\t\n\t\t<\/tbody>\n\t<\/table>\n\n    \n    \n<\/div>\t\t<\/div>\n\t\t\t\t<\/div>\n\t\t\t\t\t\t<\/div>\n\t\t\t\t\t<\/div>\n\t\t<\/div>\n\t\t\t\t\t\t\t\t<\/div>\n\t\t\t\t\t<\/div>\n\t\t<\/section>\n\t\t\t\t\t\t<\/div>\n\t\t\t\t\t\t<\/div>\n\t\t\t\t\t<\/div>\n\t\t","protected":false},"excerpt":{"rendered":"<p>TEVMOT Projesi Uluslararas\u0131 Motor Zirvesine Kat\u0131l\u0131m Sa\u011flad\u0131 EMOSAD , 19 Kas\u0131m 2020 TEVMOT ile maliyetler d\u00fc\u015fecek Organize Sanayi&#8230;<\/p>\n","protected":false},"author":1,"featured_media":0,"parent":0,"menu_order":0,"comment_status":"closed","ping_status":"closed","template":"elementor_header_footer","meta":{"spay_email":""},"yoast_head":"<!-- This site is optimized with the Yoast SEO plugin v18.3 - https:\/\/yoast.com\/wordpress\/plugins\/seo\/ -->\n<title>TEVMOT in the Press - TEVMOT<\/title>\n<meta name=\"robots\" content=\"index, follow, max-snippet:-1, max-image-preview:large, max-video-preview:-1\" \/>\n<link rel=\"canonical\" href=\"https:\/\/www.tevmot.org.tr\/en\/tevmot-in-the-press\/\" \/>\n<meta property=\"og:locale\" content=\"en_US\" \/>\n<meta property=\"og:type\" content=\"article\" \/>\n<meta property=\"og:title\" content=\"TEVMOT in the Press - TEVMOT\" \/>\n<meta property=\"og:description\" content=\"TEVMOT Projesi Uluslararas\u0131 Motor Zirvesine Kat\u0131l\u0131m Sa\u011flad\u0131 EMOSAD , 19 Kas\u0131m 2020 TEVMOT ile maliyetler d\u00fc\u015fecek Organize Sanayi...\" \/>\n<meta property=\"og:url\" content=\"https:\/\/www.tevmot.org.tr\/en\/tevmot-in-the-press\/\" \/>\n<meta property=\"og:site_name\" content=\"TEVMOT\" \/>\n<meta property=\"og:image\" content=\"https:\/\/www.tevmot.org.tr\/wp-content\/uploads\/2022\/03\/tevmot-fb.jpg\" \/>\n\t<meta property=\"og:image:width\" content=\"1200\" \/>\n\t<meta property=\"og:image:height\" content=\"630\" \/>\n\t<meta property=\"og:image:type\" content=\"image\/jpeg\" \/>\n<meta name=\"twitter:card\" content=\"summary_large_image\" \/>\n<meta name=\"twitter:label1\" content=\"Est. reading time\" \/>\n\t<meta name=\"twitter:data1\" content=\"1 minute\" \/>\n<script type=\"application\/ld+json\" class=\"yoast-schema-graph\">{\"@context\":\"https:\/\/schema.org\",\"@graph\":[{\"@type\":\"WebSite\",\"@id\":\"https:\/\/www.tevmot.org.tr\/#website\",\"url\":\"https:\/\/www.tevmot.org.tr\/\",\"name\":\"TEVMOT\",\"description\":\"T\u00fcrkiye\u2019de Enerji Verimli Motorlar\u0131n Te\u015fvik Edilmesi Projesi\",\"potentialAction\":[{\"@type\":\"SearchAction\",\"target\":{\"@type\":\"EntryPoint\",\"urlTemplate\":\"https:\/\/www.tevmot.org.tr\/?s={search_term_string}\"},\"query-input\":\"required name=search_term_string\"}],\"inLanguage\":\"en-US\"},{\"@type\":\"WebPage\",\"@id\":\"https:\/\/www.tevmot.org.tr\/en\/tevmot-in-the-press\/#webpage\",\"url\":\"https:\/\/www.tevmot.org.tr\/en\/tevmot-in-the-press\/\",\"name\":\"TEVMOT in the Press - TEVMOT\",\"isPartOf\":{\"@id\":\"https:\/\/www.tevmot.org.tr\/#website\"},\"datePublished\":\"2021-08-23T08:55:28+00:00\",\"dateModified\":\"2021-08-23T08:55:28+00:00\",\"breadcrumb\":{\"@id\":\"https:\/\/www.tevmot.org.tr\/en\/tevmot-in-the-press\/#breadcrumb\"},\"inLanguage\":\"en-US\",\"potentialAction\":[{\"@type\":\"ReadAction\",\"target\":[\"https:\/\/www.tevmot.org.tr\/en\/tevmot-in-the-press\/\"]}]},{\"@type\":\"BreadcrumbList\",\"@id\":\"https:\/\/www.tevmot.org.tr\/en\/tevmot-in-the-press\/#breadcrumb\",\"itemListElement\":[{\"@type\":\"ListItem\",\"position\":1,\"name\":\"Anasayfa\",\"item\":\"https:\/\/www.tevmot.org.tr\/\"},{\"@type\":\"ListItem\",\"position\":2,\"name\":\"TEVMOT in the Press\"}]}]}<\/script>\n<!-- \/ Yoast SEO plugin. -->","yoast_head_json":{"title":"TEVMOT in the Press - TEVMOT","robots":{"index":"index","follow":"follow","max-snippet":"max-snippet:-1","max-image-preview":"max-image-preview:large","max-video-preview":"max-video-preview:-1"},"canonical":"https:\/\/www.tevmot.org.tr\/en\/tevmot-in-the-press\/","og_locale":"en_US","og_type":"article","og_title":"TEVMOT in the Press - TEVMOT","og_description":"TEVMOT Projesi Uluslararas\u0131 Motor Zirvesine Kat\u0131l\u0131m Sa\u011flad\u0131 EMOSAD , 19 Kas\u0131m 2020 TEVMOT ile maliyetler d\u00fc\u015fecek Organize Sanayi...","og_url":"https:\/\/www.tevmot.org.tr\/en\/tevmot-in-the-press\/","og_site_name":"TEVMOT","og_image":[{"width":1200,"height":630,"url":"https:\/\/www.tevmot.org.tr\/wp-content\/uploads\/2022\/03\/tevmot-fb.jpg","type":"image\/jpeg"}],"twitter_card":"summary_large_image","twitter_misc":{"Est. reading time":"1 minute"},"schema":{"@context":"https:\/\/schema.org","@graph":[{"@type":"WebSite","@id":"https:\/\/www.tevmot.org.tr\/#website","url":"https:\/\/www.tevmot.org.tr\/","name":"TEVMOT","description":"T\u00fcrkiye\u2019de Enerji Verimli Motorlar\u0131n Te\u015fvik Edilmesi Projesi","potentialAction":[{"@type":"SearchAction","target":{"@type":"EntryPoint","urlTemplate":"https:\/\/www.tevmot.org.tr\/?s={search_term_string}"},"query-input":"required name=search_term_string"}],"inLanguage":"en-US"},{"@type":"WebPage","@id":"https:\/\/www.tevmot.org.tr\/en\/tevmot-in-the-press\/#webpage","url":"https:\/\/www.tevmot.org.tr\/en\/tevmot-in-the-press\/","name":"TEVMOT in the Press - TEVMOT","isPartOf":{"@id":"https:\/\/www.tevmot.org.tr\/#website"},"datePublished":"2021-08-23T08:55:28+00:00","dateModified":"2021-08-23T08:55:28+00:00","breadcrumb":{"@id":"https:\/\/www.tevmot.org.tr\/en\/tevmot-in-the-press\/#breadcrumb"},"inLanguage":"en-US","potentialAction":[{"@type":"ReadAction","target":["https:\/\/www.tevmot.org.tr\/en\/tevmot-in-the-press\/"]}]},{"@type":"BreadcrumbList","@id":"https:\/\/www.tevmot.org.tr\/en\/tevmot-in-the-press\/#breadcrumb","itemListElement":[{"@type":"ListItem","position":1,"name":"Anasayfa","item":"https:\/\/www.tevmot.org.tr\/"},{"@type":"ListItem","position":2,"name":"TEVMOT in the Press"}]}]}},"jetpack_shortlink":"https:\/\/wp.me\/PcAOJZ-1oe","_links":{"self":[{"href":"https:\/\/www.tevmot.org.tr\/en\/wp-json\/wp\/v2\/pages\/5346"}],"collection":[{"href":"https:\/\/www.tevmot.org.tr\/en\/wp-json\/wp\/v2\/pages"}],"about":[{"href":"https:\/\/www.tevmot.org.tr\/en\/wp-json\/wp\/v2\/types\/page"}],"author":[{"embeddable":true,"href":"https:\/\/www.tevmot.org.tr\/en\/wp-json\/wp\/v2\/users\/1"}],"replies":[{"embeddable":true,"href":"https:\/\/www.tevmot.org.tr\/en\/wp-json\/wp\/v2\/comments?post=5346"}],"version-history":[{"count":1,"href":"https:\/\/www.tevmot.org.tr\/en\/wp-json\/wp\/v2\/pages\/5346\/revisions"}],"predecessor-version":[{"id":5347,"href":"https:\/\/www.tevmot.org.tr\/en\/wp-json\/wp\/v2\/pages\/5346\/revisions\/5347"}],"wp:attachment":[{"href":"https:\/\/www.tevmot.org.tr\/en\/wp-json\/wp\/v2\/media?parent=5346"}],"curies":[{"name":"wp","href":"https:\/\/api.w.org\/{rel}","templated":true}]}}